{"id":1845,"date":"2025-09-02T13:43:46","date_gmt":"2025-09-02T13:43:46","guid":{"rendered":"https:\/\/guraportitei.ro\/?page_id=1845"},"modified":"2025-09-02T13:53:30","modified_gmt":"2025-09-02T13:53:30","slug":"certificari-si-licente","status":"publish","type":"page","link":"https:\/\/guraportitei.ro\/en\/certificari-si-licente\/","title":{"rendered":"Certifications and Licenses"},"content":{"rendered":"<div class=\"brz-root__container brz-reset-all brz brz-root__container-page\">\n<section id=\"84ce97af95bffe09fed0_xUHgdaZAKGeT\" class=\"brz-section brz-css-gnlnaa brz-css-hltalm\">\n<div class=\"brz-section__content brz-section--fullWidth brz-css-1ml988b brz-css-1fyam2g\" data-brz-custom-id=\"q280qMYWnvx8\">\n<div class=\"brz-bg\">\n<div class=\"brz-bg-image\"><\/div>\n<div class=\"brz-bg-color\"><\/div>\n<\/div>\n<div class=\"brz-container brz-css-1352yuw brz-css-17i6zlb\">\n<div class=\"brz-row__container brz-css-1e3s08u brz-css-6lsmzs\" data-brz-custom-id=\"o4FPW8QtWNTB\">\n<div class=\"brz-row brz-css-gxdhz brz-css-1whh59n\">\n<div class=\"brz-columns brz-css-3czjjp brz-css-15uxwj8\" data-brz-custom-id=\"fH2TC_CA3yRs\">\n<div class=\"brz-column__items brz-css-1ldsm1l brz-css-1g8gv7c\">\n<div id=\"\" class=\"brz-css-15g2i00 brz-css-4imab9 brz-wrapper\">\n<div class=\"brz-rich-text brz-rich-text__custom brz-css-aq1xm8 brz-css-1txwm5j\" data-brz-custom-id=\"uzmE5FYE6s2u\">\n<div data-brz-translate-text=\"1\">\n<h1 class=\"brz-fsft-lg-0 brz-fwdth-lg-100 brz-vfw-lg-400 brz-lh-lg-1_3 brz-ls-lg-m_1_5 brz-fw-lg-700 brz-fss-lg-px brz-fs-lg-108 brz-ft-google brz-ff-playfair_display brz-text-lg-center brz-tp-lg-heading1 brz-css-bMRXg\" data-uniq-id=\"ei_qj\" data-generated-css=\"brz-css-vNSXH\"><span class=\"brz-cp-color3\" style=\"color: rgba(var(--brz-global-color3),1);\">Certific\u0103ri \u0219i Licen\u021be<\/span><\/h1>\n<\/div>\n<\/div>\n<\/div>\n<\/div>\n<\/div>\n<\/div>\n<\/div>\n<\/div>\n<\/div>\n<\/section>\n<section id=\"47d339a573751fef8ff8_gkYDWGzkT3bz\" class=\"brz-section brz-css-gnlnaa brz-css-wlwfv9\">\n<div class=\"brz-section__content brz-section--boxed brz-css-1ml988b brz-css-2q3q28\" data-brz-custom-id=\"wH4AADCICbP_\">\n<div class=\"brz-bg\">\n<div class=\"brz-bg-color\"><\/div>\n<\/div>\n<div class=\"brz-container brz-css-1352yuw brz-css-1nncl7n\">\n<div id=\"\" class=\"brz-css-15g2i00 brz-css-1nw0rbv brz-wrapper\">\n<div class=\"brz-rich-text brz-rich-text__custom brz-css-aq1xm8 brz-css-1c28xwx\" data-brz-custom-id=\"no6TdBZF03Yv\">\n<div data-brz-translate-text=\"1\">\n<p class=\"brz-tp-lg-paragraph brz-text-lg-left brz-css-sRe1e\" data-generated-css=\"brz-css-cqHSk\" data-uniq-id=\"gDnJC\"><span style=\"color: rgba(var(--brz-global-color1),1);\" class=\"brz-cp-color1\">Resortul nostru opereaz\u0103 \u00een deplin\u0103 conformitate cu legisla\u021bia \u00een vigoare \u0219i cu standardele de clasificare aplicabile \u00een Rom\u00e2nia. Toate certificatele oficiale, emise de Ministerul Antreprenoriatului \u0219i Turismului, precum \u0219i de alte autorit\u0103\u021bi competente, sunt disponibile pentru consultare mai jos.<\/span><\/p>\n<\/div>\n<\/div>\n<\/div>\n<div id=\"\" class=\"brz-css-15g2i00 brz-css-58nqi5 brz-wrapper\">\n<div class=\"brz-rich-text brz-rich-text__custom brz-css-aq1xm8 brz-css-1wfqewx\" data-brz-custom-id=\"jDzZ7MgECkOf\">\n<div data-brz-translate-text=\"1\">\n<p class=\"brz-tp-lg-paragraph brz-css-k7eqk\" data-generated-css=\"brz-css-jh9kx\" data-uniq-id=\"fkBXV\"><span style=\"color: rgba(var(--brz-global-color1),1);\" class=\"brz-cp-color1\">De\u021binerea acestor certific\u0103ri garanteaz\u0103 nu doar respectarea cerin\u021belor legale, ci \u0219i angajamentul nostru constant de a oferi oaspe\u021bilor servicii \u0219i facilit\u0103\u021bi la cele mai \u00eenalte standarde de calitate.<\/span><\/p>\n<\/div>\n<\/div>\n<\/div>\n<div id=\"\" class=\"brz-css-15g2i00 brz-css-lnz9h6 brz-wrapper\">\n<div class=\"brz-rich-text brz-rich-text__custom brz-css-aq1xm8 brz-css-3a1372\" data-brz-custom-id=\"zyrJMSP8_usP\">\n<div data-brz-translate-text=\"1\">\n<p class=\"brz-tp-lg-paragraph brz-css-wleUg\" data-uniq-id=\"oiivQ\" data-generated-css=\"brz-css-gFMa4\"><span class=\"brz-cp-color1\" style=\"color: rgba(var(--brz-global-color1),1);\">Ultima actualizare: 2025. Documentele sunt disponibile pentru desc\u0103rcare direct\u0103 \u00een format PDF<\/span><\/p>\n<\/div>\n<\/div>\n<\/div>\n<div class=\"brz-wrapper-clone brz-flex-xs-wrap brz-css-i9zvxb brz-css-16s3xtd\" data-brz-custom-id=\"xsiO8VI91P0k\"><a class=\"brz-a brz-btn brz-css-1wfjob5 brz-css-1tl4pb6 brz-css-1kzvvtz brz-css-1efdhrd\" href=\"\/wp-content\/uploads\/2025\/09\/Certificari-si-Licente.zip\" target=\"_self\" rel=\"noopener\" data-brz-link-type=\"external\" data-brz-custom-id=\"nPXyKmCNCNJl\"><span data-brz-translate-text=\"1\" class=\"brz-span brz-text__editor\">DESCARC\u0102 CERTIFIC\u0102RI<\/span><\/a><\/div>\n<\/div>\n<\/div>\n<\/section>\n<\/div>\n<p>    <!-- version:1756821156 --><\/p>","protected":false},"excerpt":{"rendered":"<p>Certific\u0103ri \u0219i Licen\u021be Resortul nostru opereaz\u0103 \u00een deplin\u0103 conformitate cu legisla\u021bia \u00een vigoare \u0219i cu standardele de clasificare aplicabile \u00een [&hellip;]<\/p>","protected":false},"author":1,"featured_media":0,"parent":0,"menu_order":0,"comment_status":"closed","ping_status":"closed","template":"brizy-blank-template.php","meta":{"site-sidebar-layout":"default","site-content-layout":"","ast-site-content-layout":"default","site-content-style":"default","site-sidebar-style":"default","ast-global-header-display":"","ast-banner-title-visibility":"","ast-main-header-display":"","ast-hfb-above-header-display":"","ast-hfb-below-header-display":"","ast-hfb-mobile-header-display":"","site-post-title":"","ast-breadcrumbs-content":"","ast-featured-img":"","footer-sml-layout":"","theme-transparent-header-meta":"default","adv-header-id-meta":"","stick-header-meta":"","header-above-stick-meta":"","header-main-stick-meta":"","header-below-stick-meta":"","astra-migrate-meta-layouts":"set","ast-page-background-enabled":"default","ast-page-background-meta":{"desktop":{"background-color":"var(--ast-global-color-5)","background-image":"","background-repeat":"repeat","background-position":"center center","background-size":"auto","background-attachment":"scroll","background-type":"","background-media":"","overlay-type":"","overlay-color":"","overlay-opacity":"","overlay-gradient":""},"tablet":{"background-color":"","background-image":"","background-repeat":"repeat","background-position":"center center","background-size":"auto","background-attachment":"scroll","background-type":"","background-media":"","overlay-type":"","overlay-color":"","overlay-opacity":"","overlay-gradient":""},"mobile":{"background-color":"","background-image":"","background-repeat":"repeat","background-position":"center center","background-size":"auto","background-attachment":"scroll","background-type":"","background-media":"","overlay-type":"","overlay-color":"","overlay-opacity":"","overlay-gradient":""}},"ast-content-background-meta":{"desktop":{"background-color":"var(--ast-global-color-4)","background-image":"","background-repeat":"repeat","background-position":"center center","background-size":"auto","background-attachment":"scroll","background-type":"","background-media":"","overlay-type":"","overlay-color":"","overlay-opacity":"","overlay-gradient":""},"tablet":{"background-color":"var(--ast-global-color-4)","background-image":"","background-repeat":"repeat","background-position":"center center","background-size":"auto","background-attachment":"scroll","background-type":"","background-media":"","overlay-type":"","overlay-color":"","overlay-opacity":"","overlay-gradient":""},"mobile":{"background-color":"var(--ast-global-color-4)","background-image":"","background-repeat":"repeat","background-position":"center center","background-size":"auto","background-attachment":"scroll","background-type":"","background-media":"","overlay-type":"","overlay-color":"","overlay-opacity":"","overlay-gradient":""}},"footnotes":""},"class_list":["post-1845","page","type-page","status-publish","hentry"],"yoast_head":"<!-- This site is optimized with the Yoast SEO plugin v25.4 - https:\/\/yoast.com\/wordpress\/plugins\/seo\/ -->\n<title>Certific\u0103ri \u0219i licen\u021be - Gura Portitei<\/title>\n<meta name=\"robots\" content=\"index, follow, max-snippet:-1, max-image-preview:large, max-video-preview:-1\" \/>\n<link rel=\"canonical\" href=\"https:\/\/guraportitei.ro\/en\/certificari-si-licente\/\" \/>\n<meta property=\"og:locale\" content=\"en_US\" \/>\n<meta property=\"og:type\" content=\"article\" \/>\n<meta property=\"og:title\" content=\"Certific\u0103ri \u0219i licen\u021be - Gura Portitei\" \/>\n<meta property=\"og:description\" content=\"Certific\u0103ri \u0219i Licen\u021be Resortul nostru opereaz\u0103 \u00een deplin\u0103 conformitate cu legisla\u021bia \u00een vigoare \u0219i cu standardele de clasificare aplicabile \u00een [&hellip;]\" \/>\n<meta property=\"og:url\" content=\"https:\/\/guraportitei.ro\/en\/certificari-si-licente\/\" \/>\n<meta property=\"og:site_name\" content=\"Gura Portitei\" \/>\n<meta property=\"article:modified_time\" content=\"2025-09-02T13:53:30+00:00\" \/>\n<meta name=\"twitter:card\" content=\"summary_large_image\" \/>\n<script type=\"application\/ld+json\" class=\"yoast-schema-graph\">{\"@context\":\"https:\/\/schema.org\",\"@graph\":[{\"@type\":\"WebPage\",\"@id\":\"https:\/\/guraportitei.ro\/certificari-si-licente\/\",\"url\":\"https:\/\/guraportitei.ro\/certificari-si-licente\/\",\"name\":\"Certific\u0103ri \u0219i licen\u021be - Gura Portitei\",\"isPartOf\":{\"@id\":\"https:\/\/guraportitei.ro\/#website\"},\"datePublished\":\"2025-09-02T13:43:46+00:00\",\"dateModified\":\"2025-09-02T13:53:30+00:00\",\"breadcrumb\":{\"@id\":\"https:\/\/guraportitei.ro\/certificari-si-licente\/#breadcrumb\"},\"inLanguage\":\"en-US\",\"potentialAction\":[{\"@type\":\"ReadAction\",\"target\":[\"https:\/\/guraportitei.ro\/certificari-si-licente\/\"]}]},{\"@type\":\"BreadcrumbList\",\"@id\":\"https:\/\/guraportitei.ro\/certificari-si-licente\/#breadcrumb\",\"itemListElement\":[{\"@type\":\"ListItem\",\"position\":1,\"name\":\"Home\",\"item\":\"https:\/\/guraportitei.ro\/\"},{\"@type\":\"ListItem\",\"position\":2,\"name\":\"Certific\u0103ri \u0219i licen\u021be\"}]},{\"@type\":\"WebSite\",\"@id\":\"https:\/\/guraportitei.ro\/#website\",\"url\":\"https:\/\/guraportitei.ro\/\",\"name\":\"Gura Portitei\",\"description\":\"\",\"potentialAction\":[{\"@type\":\"SearchAction\",\"target\":{\"@type\":\"EntryPoint\",\"urlTemplate\":\"https:\/\/guraportitei.ro\/?s={search_term_string}\"},\"query-input\":{\"@type\":\"PropertyValueSpecification\",\"valueRequired\":true,\"valueName\":\"search_term_string\"}}],\"inLanguage\":\"en-US\"}]}<\/script>\n<!-- \/ Yoast SEO plugin. -->","yoast_head_json":{"title":"Certific\u0103ri \u0219i licen\u021be - Gura Portitei","robots":{"index":"index","follow":"follow","max-snippet":"max-snippet:-1","max-image-preview":"max-image-preview:large","max-video-preview":"max-video-preview:-1"},"canonical":"https:\/\/guraportitei.ro\/en\/certificari-si-licente\/","og_locale":"en_US","og_type":"article","og_title":"Certific\u0103ri \u0219i licen\u021be - Gura Portitei","og_description":"Certific\u0103ri \u0219i Licen\u021be Resortul nostru opereaz\u0103 \u00een deplin\u0103 conformitate cu legisla\u021bia \u00een vigoare \u0219i cu standardele de clasificare aplicabile \u00een [&hellip;]","og_url":"https:\/\/guraportitei.ro\/en\/certificari-si-licente\/","og_site_name":"Gura Portitei","article_modified_time":"2025-09-02T13:53:30+00:00","twitter_card":"summary_large_image","schema":{"@context":"https:\/\/schema.org","@graph":[{"@type":"WebPage","@id":"https:\/\/guraportitei.ro\/certificari-si-licente\/","url":"https:\/\/guraportitei.ro\/certificari-si-licente\/","name":"Certific\u0103ri \u0219i licen\u021be - Gura Portitei","isPartOf":{"@id":"https:\/\/guraportitei.ro\/#website"},"datePublished":"2025-09-02T13:43:46+00:00","dateModified":"2025-09-02T13:53:30+00:00","breadcrumb":{"@id":"https:\/\/guraportitei.ro\/certificari-si-licente\/#breadcrumb"},"inLanguage":"en-US","potentialAction":[{"@type":"ReadAction","target":["https:\/\/guraportitei.ro\/certificari-si-licente\/"]}]},{"@type":"BreadcrumbList","@id":"https:\/\/guraportitei.ro\/certificari-si-licente\/#breadcrumb","itemListElement":[{"@type":"ListItem","position":1,"name":"Home","item":"https:\/\/guraportitei.ro\/"},{"@type":"ListItem","position":2,"name":"Certific\u0103ri \u0219i licen\u021be"}]},{"@type":"WebSite","@id":"https:\/\/guraportitei.ro\/#website","url":"https:\/\/guraportitei.ro\/","name":"Gura Portitei","description":"","potentialAction":[{"@type":"SearchAction","target":{"@type":"EntryPoint","urlTemplate":"https:\/\/guraportitei.ro\/?s={search_term_string}"},"query-input":{"@type":"PropertyValueSpecification","valueRequired":true,"valueName":"search_term_string"}}],"inLanguage":"en-US"}]}},"_links":{"self":[{"href":"https:\/\/guraportitei.ro\/en\/wp-json\/wp\/v2\/pages\/1845","targetHints":{"allow":["GET"]}}],"collection":[{"href":"https:\/\/guraportitei.ro\/en\/wp-json\/wp\/v2\/pages"}],"about":[{"href":"https:\/\/guraportitei.ro\/en\/wp-json\/wp\/v2\/types\/page"}],"author":[{"embeddable":true,"href":"https:\/\/guraportitei.ro\/en\/wp-json\/wp\/v2\/users\/1"}],"replies":[{"embeddable":true,"href":"https:\/\/guraportitei.ro\/en\/wp-json\/wp\/v2\/comments?post=1845"}],"version-history":[{"count":4,"href":"https:\/\/guraportitei.ro\/en\/wp-json\/wp\/v2\/pages\/1845\/revisions"}],"predecessor-version":[{"id":1856,"href":"https:\/\/guraportitei.ro\/en\/wp-json\/wp\/v2\/pages\/1845\/revisions\/1856"}],"wp:attachment":[{"href":"https:\/\/guraportitei.ro\/en\/wp-json\/wp\/v2\/media?parent=1845"}],"curies":[{"name":"wp","href":"https:\/\/api.w.org\/{rel}","templated":true}]}}