{"id":2068,"date":"2026-03-18T09:12:11","date_gmt":"2026-03-18T09:12:11","guid":{"rendered":"https:\/\/guraportitei.ro\/?page_id=2068"},"modified":"2026-04-29T05:33:28","modified_gmt":"2026-04-29T05:33:28","slug":"weekenduri-de-mai","status":"publish","type":"page","link":"https:\/\/guraportitei.ro\/en\/oferte-speciale\/weekenduri-de-mai\/","title":{"rendered":"May Weekends"},"content":{"rendered":"<div class=\"brz-root__container brz-reset-all brz brz-root__container-page\">\n<section id=\"2c839dbab371a8d434da_oNsJWGIHOX_T\" class=\"brz-section brz-css-1l9s779 brz-css-17lbkwa\">\n<div class=\"brz-section__content brz-section--fullWidth brz-css-1mgjrgy brz-css-3oato0\" data-brz-custom-id=\"sJj5GKSrWDc4\">\n<div class=\"brz-bg\">\n<div class=\"brz-bg-image\"><\/div>\n<div class=\"brz-bg-color\"><\/div>\n<\/div>\n<div class=\"brz-container brz-css-1tgef3e brz-css-1cxakjb\">\n<div class=\"brz-row__container brz-css-164fx7c brz-css-1sldzal\" data-brz-custom-id=\"dj7oJmCDdL09\">\n<div class=\"brz-row brz-css-axlzyk brz-css-wees8g\">\n<div class=\"brz-columns brz-css-1hmzkm0 brz-css-g9c7vy\" data-brz-custom-id=\"v4tHWRG2FCS9\">\n<div class=\"brz-column__items brz-css-1soijwf brz-css-1w3ujy2\">\n<div id=\"\" class=\"brz-css-12t316h brz-css-seaa0n brz-wrapper\">\n<div class=\"brz-rich-text brz-rich-text__custom brz-css-xu26o4 brz-css-14x4d38\" data-brz-custom-id=\"mCjNQ4tTh3tz\">\n<div data-brz-translate-text=\"1\">\n<p class=\"brz-text-lg-center brz-tp-lg-paragraph brz-css-g48v_\" data-generated-css=\"brz-css-dbmsW\" data-uniq-id=\"aixFc\"><span class=\"brz-cp-color3\" style=\"color: rgba(var(--brz-global-color3),1);\">OUR OFFERS<\/span><\/p>\n<\/div>\n<\/div>\n<\/div>\n<div id=\"\" class=\"brz-css-12t316h brz-css-ftwm1u brz-wrapper\">\n<div class=\"brz-rich-text brz-rich-text__custom brz-css-xu26o4 brz-css-8jttre\" data-brz-custom-id=\"eevb4TsBC6BN\">\n<div data-brz-translate-text=\"1\">\n<h1 class=\"brz-fsft-lg-0 brz-fwdth-lg-100 brz-vfw-lg-400 brz-lh-lg-1_3 brz-ls-lg-m_1_5 brz-fw-lg-700 brz-fss-lg-px brz-fs-lg-108 brz-ft-google brz-ff-playfair_display brz-text-lg-center brz-tp-lg-heading1 brz-css-hOSYu\" data-uniq-id=\"hGeMX\" data-generated-css=\"brz-css-uDAL7\"><span class=\"brz-cp-color3\" style=\"color: rgba(var(--brz-global-color3),1);\">May Weekends<\/span><\/h1>\n<\/div>\n<\/div>\n<\/div>\n<\/div>\n<\/div>\n<\/div>\n<\/div>\n<\/div>\n<\/div>\n<\/section>\n<section id=\"37369878986572f56398_bKmBwd56vknF\" class=\"brz-section brz-css-1l9s779 brz-css-1bndu8z\">\n<div class=\"brz-section__content brz-section--boxed brz-css-1mgjrgy brz-css-16bd2t8\" data-brz-custom-id=\"sSPdmxuwEDXy\">\n<div class=\"brz-bg\">\n<div class=\"brz-bg-color\"><\/div>\n<\/div>\n<div class=\"brz-container brz-css-1tgef3e brz-css-so4yhk\">\n<div class=\"brz-row__container brz-css-164fx7c brz-css-1orwety\" data-brz-custom-id=\"qHQG6wQLyXf3\">\n<div class=\"brz-row brz-css-axlzyk brz-css-x0fvqa\">\n<div class=\"brz-columns brz-css-1hmzkm0 brz-css-azixai\" data-brz-custom-id=\"zjD8kU5xkGMm\">\n<div class=\"brz-column__items brz-css-1soijwf brz-css-mmzy7v\">\n<div id=\"\" class=\"brz-css-12t316h brz-css-1csdn88 brz-wrapper\">\n<div class=\"brz-image brz-css-1boxek0 brz-css-ln59hi\" data-brz-custom-id=\"cAHEbd1WNkbq\"><picture class=\"brz-picture brz-d-block brz-p-relative brz-css-9ctfbs brz-css-1mv7vrh\"><source srcset=\"https:\/\/guraportitei.ro\/wp-content\/uploads\/2025\/12\/Screenshot-2025-12-17-at-16.10.47.png 1x, https:\/\/guraportitei.ro\/wp-content\/uploads\/2025\/12\/Screenshot-2025-12-17-at-16.10.47.png 2x\" media=\"(min-width: 992px)\"><source srcset=\"https:\/\/guraportitei.ro\/wp-content\/uploads\/2025\/12\/Screenshot-2025-12-17-at-16.10.47.png 1x, https:\/\/guraportitei.ro\/wp-content\/uploads\/2025\/12\/Screenshot-2025-12-17-at-16.10.47.png 2x\" media=\"(min-width: 768px)\"><img decoding=\"async\" class=\"brz-img\" srcset=\"https:\/\/guraportitei.ro\/wp-content\/uploads\/2025\/12\/Screenshot-2025-12-17-at-16.10.47.png 1x, https:\/\/guraportitei.ro\/wp-content\/uploads\/2025\/12\/Screenshot-2025-12-17-at-16.10.47.png 2x\" src=\"https:\/\/guraportitei.ro\/wp-content\/uploads\/2025\/12\/Screenshot-2025-12-17-at-16.10.47.png\" alt=\"\" title=\"Screenshot 2025-12-17 at 16.10.47\" draggable=\"false\" loading=\"lazy\"><\/picture><\/div>\n<\/div>\n<div id=\"\" class=\"brz-css-12t316h brz-css-jyyd68 brz-wrapper\">\n<div class=\"brz-rich-text brz-rich-text__custom brz-css-xu26o4 brz-css-7ufi75\" data-brz-custom-id=\"uQ4EpqDCKDsa\">\n<div data-brz-translate-text=\"1\">\n<h3 class=\"brz-tp-lg-heading3 brz-fsft-lg-0 brz-fwdth-lg-100 brz-vfw-lg-400 brz-lh-lg-1 brz-ls-lg-0 brz-fw-lg-400 brz-fss-lg-px brz-fs-lg-28 brz-ft-google brz-ff-poppins brz-css-uFzQl\" data-generated-css=\"brz-css-qtGRB\" data-uniq-id=\"oe5LL\"><span class=\"brz-cp-color1\" style=\"color: rgba(var(--brz-global-color1),1);\">May Weekends<\/span><\/h3>\n<\/div>\n<\/div>\n<\/div>\n<div class=\"brz-row__container brz-css-164fx7c brz-css-1hfwv8o\" data-brz-custom-id=\"hCojqkyVykod\">\n<div class=\"brz-row brz-row--inner brz-css-axlzyk brz-css-10k90s1 brz-css-1ga57e3\">\n<div class=\"brz-columns brz-css-1hmzkm0 brz-css-1kh95zr\" data-brz-custom-id=\"uBh9mQ5cgLfC\">\n<div class=\"brz-column__items brz-css-1soijwf brz-css-txra34\">\n<div id=\"\" class=\"brz-css-12t316h brz-css-f6xmm4 brz-wrapper\">\n<div class=\"brz-rich-text brz-rich-text__custom brz-css-xu26o4 brz-css-tbf6cn\" data-brz-custom-id=\"nHEhVrnl43XU\">\n<div data-brz-translate-text=\"1\">\n<p class=\"brz-fsft-lg-0 brz-fwdth-lg-100 brz-vfw-lg-400 brz-lh-lg-1_4 brz-ls-lg-0 brz-fw-lg-400 brz-fss-lg-px brz-fs-lg-14 brz-ft-google brz-ff-poppins brz-tp-lg-empty brz-text-lg-justify brz-css-c1aoS\" data-generated-css=\"brz-css-n3VX5\" data-uniq-id=\"hY5Fv\"><span class=\"brz-cp-color7\" style=\"color: rgba(var(--brz-global-color7),1);\">In May, the Delta is at its most vibrant: fresh reed beds, calm channels, and evenings that call only for a walk along the shore and something good on the table \u2014 you arrive by boat, settle into the atmosphere of the place, and the rest is already taken care of.<\/span><\/p>\n<p class=\"brz-fsft-lg-0 brz-fwdth-lg-100 brz-vfw-lg-400 brz-lh-lg-1_4 brz-ls-lg-0 brz-fw-lg-400 brz-fss-lg-px brz-fs-lg-14 brz-ft-google brz-ff-poppins brz-tp-lg-empty brz-text-lg-justify brz-css-pfTa8\" data-generated-css=\"brz-css-nmCXb\" data-uniq-id=\"wr9a5\"><\/p>\n<p class=\"brz-fsft-lg-0 brz-fwdth-lg-100 brz-vfw-lg-400 brz-lh-lg-1_4 brz-ls-lg-0 brz-fw-lg-400 brz-fss-lg-px brz-fs-lg-14 brz-ft-google brz-ff-poppins brz-tp-lg-empty brz-text-lg-justify brz-css-ry71t\" data-generated-css=\"brz-css-xn5Lp\" data-uniq-id=\"pY1nJ\"><strong class=\"brz-cp-color7\" style=\"color: rgba(var(--brz-global-color7),1);\">Ofert\u0103 cazare:<\/strong><span class=\"brz-cp-color7\" style=\"color: rgba(var(--brz-global-color7),1);\"> \u00een weekendurile 8\u201310 \u0219i 15\u201317 mai<\/span><\/p>\n<p class=\"brz-fsft-lg-0 brz-fwdth-lg-100 brz-vfw-lg-400 brz-lh-lg-1_4 brz-ls-lg-0 brz-fw-lg-400 brz-fss-lg-px brz-fs-lg-14 brz-ft-google brz-ff-poppins brz-tp-lg-empty brz-text-lg-justify brz-css-byZ5z\" data-generated-css=\"brz-css-fuNdK\" data-uniq-id=\"lSwNe\"><strong class=\"brz-cp-color7\" style=\"color: rgb(93, 108, 100);\">Price<\/strong><span class=\"brz-cp-color7\" style=\"color: rgb(93, 108, 100);\"> incepand de la <\/span><strong class=\"brz-cp-color7\" style=\"color: rgb(93, 108, 100);\">495 lei <\/strong><span class=\"brz-cp-color7\" style=\"color: rgb(93, 108, 100);\">\/ <\/span><strong class=\"brz-cp-color7\" style=\"color: rgb(93, 108, 100);\">noapte<\/strong><span class=\"brz-cp-color7\" style=\"color: rgb(93, 108, 100);\"> \/ 2 adulti cu mic dejun inclus<\/span><\/p>\n<p class=\"brz-fsft-lg-0 brz-fwdth-lg-100 brz-vfw-lg-400 brz-lh-lg-1_4 brz-ls-lg-0 brz-fw-lg-400 brz-fss-lg-px brz-fs-lg-14 brz-ft-google brz-ff-poppins brz-tp-lg-empty brz-text-lg-justify brz-css-d6bbv\" data-generated-css=\"brz-css-fuNdK\" data-uniq-id=\"lSwNe\"><span class=\"brz-cp-color7\" style=\"color: rgb(93, 108, 100);\"> <\/span><\/p>\n<p class=\"brz-fsft-lg-0 brz-fwdth-lg-100 brz-vfw-lg-400 brz-lh-lg-1_4 brz-ls-lg-0 brz-fw-lg-400 brz-fss-lg-px brz-fs-lg-14 brz-ft-google brz-ff-poppins brz-tp-lg-empty brz-text-lg-justify brz-css-sVkNM\" data-generated-css=\"brz-css-jtm29\" data-uniq-id=\"ybYy3\"><strong class=\"brz-cp-color7\" style=\"color: rgb(93, 108, 100);\">Stay:<\/strong><span class=\"brz-cp-color7\" style=\"color: rgb(93, 108, 100);\"> weekendurile <\/span><span class=\"brz-cp-color7\" style=\"color: rgba(var(--brz-global-color7),1);\">22\u201324 mai 2026<\/span><\/p>\n<p class=\"brz-fsft-lg-0 brz-fwdth-lg-100 brz-vfw-lg-400 brz-lh-lg-1_4 brz-ls-lg-0 brz-fw-lg-400 brz-fss-lg-px brz-fs-lg-14 brz-ft-google brz-ff-poppins brz-tp-lg-empty brz-text-lg-justify brz-css-h2vZU\" data-generated-css=\"brz-css-smQ2f\" data-uniq-id=\"h6Ify\"><strong class=\"brz-cp-color7\" style=\"color: rgba(var(--brz-global-color7),1);\">Price<\/strong><span class=\"brz-cp-color7\" style=\"color: rgba(var(--brz-global-color7),1);\"> starting from 2.600 lei \/ package \/ 2 adults<\/span><\/p>\n<p class=\"brz-fsft-lg-0 brz-fwdth-lg-100 brz-vfw-lg-400 brz-lh-lg-1_4 brz-ls-lg-0 brz-fw-lg-400 brz-fss-lg-px brz-fs-lg-14 brz-ft-google brz-ff-poppins brz-tp-lg-empty brz-text-lg-justify brz-css-ctfWr\" data-generated-css=\"brz-css-xFddw\" data-uniq-id=\"dBwVD\"><strong class=\"brz-cp-color7\" style=\"color: rgba(var(--brz-global-color7),1);\">Ce este inclus \u00een pachetul sejur:<\/strong><\/p>\n<p class=\"brz-fsft-lg-0 brz-fwdth-lg-100 brz-vfw-lg-400 brz-lh-lg-1_4 brz-ls-lg-0 brz-fw-lg-400 brz-fss-lg-px brz-fs-lg-14 brz-ft-google brz-ff-poppins brz-tp-lg-empty brz-text-lg-justify brz-css-d8AS2\" data-generated-css=\"brz-css-cPIwN\" data-uniq-id=\"sINsB\"><strong class=\"brz-cp-color7\" style=\"color: rgba(var(--brz-global-color7),1);\">Friday<\/strong><span class=\"brz-cp-color7\" style=\"color: rgba(var(--brz-global-color7),1);\">: accommodation + buffet dinner<\/span><\/p>\n<p class=\"brz-fsft-lg-0 brz-fwdth-lg-100 brz-vfw-lg-400 brz-lh-lg-1_4 brz-ls-lg-0 brz-fw-lg-400 brz-fss-lg-px brz-fs-lg-14 brz-ft-google brz-ff-poppins brz-tp-lg-empty brz-text-lg-justify brz-css-xdU0R\" data-generated-css=\"brz-css-wNzle\" data-uniq-id=\"nccpu\"><strong class=\"brz-cp-color7\" style=\"color: rgba(var(--brz-global-color7),1);\">Saturday:<\/strong><span class=\"brz-cp-color7\" style=\"color: rgba(var(--brz-global-color7),1);\"> accommodation + breakfast, lunch and dinner<\/span><\/p>\n<p class=\"brz-fsft-lg-0 brz-fwdth-lg-100 brz-vfw-lg-400 brz-lh-lg-1_4 brz-ls-lg-0 brz-fw-lg-400 brz-fss-lg-px brz-fs-lg-14 brz-ft-google brz-ff-poppins brz-tp-lg-empty brz-text-lg-justify brz-css-q9lwP\" data-generated-css=\"brz-css-fCaXO\" data-uniq-id=\"iEJAL\"><strong class=\"brz-cp-color7\" style=\"color: rgba(var(--brz-global-color7),1);\">Sunday:<\/strong><span class=\"brz-cp-color7\" style=\"color: rgba(var(--brz-global-color7),1);\"> brunch 09:00 \u2013 15:00<\/span><\/p>\n<p class=\"brz-fsft-lg-0 brz-fwdth-lg-100 brz-vfw-lg-400 brz-lh-lg-1_4 brz-ls-lg-0 brz-fw-lg-400 brz-fss-lg-px brz-fs-lg-14 brz-ft-google brz-ff-poppins brz-tp-lg-empty brz-text-lg-justify brz-css-ycHV5\" data-generated-css=\"brz-css-nP19k\" data-uniq-id=\"xpAyc\"><span class=\"brz-cp-color7\" style=\"color: rgba(var(--brz-global-color7),1);\"> <\/span><\/p>\n<p class=\"brz-fsft-lg-0 brz-fwdth-lg-100 brz-vfw-lg-400 brz-lh-lg-1_4 brz-ls-lg-0 brz-fw-lg-400 brz-fss-lg-px brz-fs-lg-14 brz-ft-google brz-ff-poppins brz-tp-lg-empty brz-text-lg-justify brz-css-ifuie\" data-generated-css=\"brz-css-r3LSn\" data-uniq-id=\"iq3M7\"><span class=\"brz-cp-color7\" style=\"color: rgba(var(--brz-global-color7),1);\">Toate mesele incluse \u00een ofert\u0103 (pr\u00e2nz, cin\u0103 \u0219i brunch) includ ap\u0103 plat\u0103 \u0219i mineral\u0103. B\u0103uturile r\u0103coritoare \u0219i cele alcoolice pot fi comandate separat de la bar. <\/span><\/p>\n<p class=\"brz-fsft-lg-0 brz-fwdth-lg-100 brz-vfw-lg-400 brz-lh-lg-1_4 brz-ls-lg-0 brz-fw-lg-400 brz-fss-lg-px brz-fs-lg-14 brz-ft-google brz-ff-poppins brz-tp-lg-empty brz-text-lg-justify brz-css-ankf3\" data-generated-css=\"brz-css-vE53y\" data-uniq-id=\"u6qZS\"><\/p>\n<p class=\"brz-fsft-lg-0 brz-fwdth-lg-100 brz-vfw-lg-400 brz-lh-lg-1_4 brz-ls-lg-0 brz-fw-lg-400 brz-fss-lg-px brz-fs-lg-14 brz-ft-google brz-ff-poppins brz-tp-lg-empty brz-text-lg-justify brz-css-hzOSp\" data-generated-css=\"brz-css-eJNBs\" data-uniq-id=\"xEHE6\"><span class=\"brz-cp-color7\" style=\"color: rgba(var(--brz-global-color7),1);\">Meals are served in an organized dining format, featuring dishes inspired by local and seasonal gastronomy, with an emphasis on fresh fish and regional ingredients. During the stay, you will also enjoy a live performance by a Lipovan folk ensemble \u2014 music and an authentic atmosphere from the Danube Delta.<\/span><\/p>\n<p class=\"brz-fsft-lg-0 brz-fwdth-lg-100 brz-vfw-lg-400 brz-lh-lg-1_4 brz-ls-lg-0 brz-fw-lg-400 brz-fss-lg-px brz-fs-lg-14 brz-ft-google brz-ff-poppins brz-tp-lg-empty brz-text-lg-justify brz-css-s5ZVN\" data-generated-css=\"brz-css-ipjCV\" data-uniq-id=\"kK3Ht\"><\/p>\n<p class=\"brz-fsft-lg-0 brz-fwdth-lg-100 brz-vfw-lg-400 brz-lh-lg-1_4 brz-ls-lg-0 brz-fw-lg-400 brz-fss-lg-px brz-fs-lg-14 brz-ft-google brz-ff-poppins brz-tp-lg-empty brz-text-lg-justify brz-css-yNhtg\" data-generated-css=\"brz-css-e2wbn\" data-uniq-id=\"yNkYf\"><span class=\"brz-cp-color7\" style=\"color: rgba(var(--brz-global-color7),1);\">Transport included: round-trip boat transfer from Jurilovca harbour to Gura Porti\u021bei Resort + free parking in the resort\u2019s private parking area in Jurilovca.<\/span><\/p>\n<p class=\"brz-fsft-lg-0 brz-fwdth-lg-100 brz-vfw-lg-400 brz-lh-lg-1_4 brz-ls-lg-0 brz-fw-lg-400 brz-fss-lg-px brz-fs-lg-14 brz-ft-google brz-ff-poppins brz-tp-lg-empty brz-text-lg-justify brz-css-fHGyL\" data-generated-css=\"brz-css-o1Mur\" data-uniq-id=\"k_UzO\"><\/p>\n<p class=\"brz-fsft-lg-0 brz-fwdth-lg-100 brz-vfw-lg-400 brz-lh-lg-1_4 brz-ls-lg-0 brz-fw-lg-400 brz-fss-lg-px brz-fs-lg-14 brz-ft-google brz-ff-poppins brz-tp-lg-empty brz-text-lg-justify brz-css-aze5V\" data-generated-css=\"brz-css-clUHs\" data-uniq-id=\"bSr80\"><strong class=\"brz-cp-color7\" style=\"color: rgba(var(--brz-global-color7),1);\">Optional: <\/strong><span class=\"brz-cp-color7\" style=\"color: rgba(var(--brz-global-color7),1);\">boat trip in the Danube Delta \u2013 <\/span><strong class=\"brz-cp-color7\" style=\"color: rgba(var(--brz-global-color7),1);\">150 lei \/ persoan\u0103<\/strong><\/p>\n<\/div>\n<\/div>\n<\/div>\n<div class=\"brz-wrapper-clone brz-flex-xs-wrap brz-css-xdndr8 brz-css-k370fp\" data-brz-custom-id=\"xerdBQjOddVN\"><a class=\"brz-a brz-btn brz-css-1kmfm9c brz-css-12ebcx6 brz-css-1kv5hnb brz-css-i6sjm2\" href=\"https:\/\/www.secure-hotel-booking.com\/d-edge\/redirect\/JL2C\/ro-RO\/RoomSelection?arrivalDate=2026-05-08&amp;departureDate=2026-05-10&amp;promoCode=&amp;selectedAdultCount=2&amp;currency=RON\" target=\"_self\" rel=\"noopener\" data-brz-link-type=\"external\" data-brz-custom-id=\"htMfS2DyQMQm\"><span data-brz-translate-text=\"1\" class=\"brz-span brz-text__editor\">BOOK NOW<\/span><\/a><\/div>\n<\/div>\n<\/div>\n<\/div>\n<\/div>\n<\/div>\n<\/div>\n<\/div>\n<\/div>\n<\/div>\n<\/div>\n<\/section>\n<\/div>\n<p>    <!-- version:1777440808 --><\/p>","protected":false},"excerpt":{"rendered":"<p>OFERTELE NOASTRE Weekenduri de Mai Weekenduri de Mai \u00cen mai, Delta e \u00een cea mai vie form\u0103 a ei: stuf [&hellip;]<\/p>","protected":false},"author":1,"featured_media":0,"parent":257,"menu_order":0,"comment_status":"closed","ping_status":"closed","template":"brizy-blank-template.php","meta":{"site-sidebar-layout":"default","site-content-layout":"","ast-site-content-layout":"default","site-content-style":"default","site-sidebar-style":"default","ast-global-header-display":"","ast-banner-title-visibility":"","ast-main-header-display":"","ast-hfb-above-header-display":"","ast-hfb-below-header-display":"","ast-hfb-mobile-header-display":"","site-post-title":"","ast-breadcrumbs-content":"","ast-featured-img":"","footer-sml-layout":"","theme-transparent-header-meta":"default","adv-header-id-meta":"","stick-header-meta":"","header-above-stick-meta":"","header-main-stick-meta":"","header-below-stick-meta":"","astra-migrate-meta-layouts":"set","ast-page-background-enabled":"default","ast-page-background-meta":{"desktop":{"background-color":"var(--ast-global-color-5)","background-image":"","background-repeat":"repeat","background-position":"center center","background-size":"auto","background-attachment":"scroll","background-type":"","background-media":"","overlay-type":"","overlay-color":"","overlay-opacity":"","overlay-gradient":""},"tablet":{"background-color":"","background-image":"","background-repeat":"repeat","background-position":"center center","background-size":"auto","background-attachment":"scroll","background-type":"","background-media":"","overlay-type":"","overlay-color":"","overlay-opacity":"","overlay-gradient":""},"mobile":{"background-color":"","background-image":"","background-repeat":"repeat","background-position":"center center","background-size":"auto","background-attachment":"scroll","background-type":"","background-media":"","overlay-type":"","overlay-color":"","overlay-opacity":"","overlay-gradient":""}},"ast-content-background-meta":{"desktop":{"background-color":"var(--ast-global-color-4)","background-image":"","background-repeat":"repeat","background-position":"center center","background-size":"auto","background-attachment":"scroll","background-type":"","background-media":"","overlay-type":"","overlay-color":"","overlay-opacity":"","overlay-gradient":""},"tablet":{"background-color":"var(--ast-global-color-4)","background-image":"","background-repeat":"repeat","background-position":"center center","background-size":"auto","background-attachment":"scroll","background-type":"","background-media":"","overlay-type":"","overlay-color":"","overlay-opacity":"","overlay-gradient":""},"mobile":{"background-color":"var(--ast-global-color-4)","background-image":"","background-repeat":"repeat","background-position":"center center","background-size":"auto","background-attachment":"scroll","background-type":"","background-media":"","overlay-type":"","overlay-color":"","overlay-opacity":"","overlay-gradient":""}},"footnotes":""},"class_list":["post-2068","page","type-page","status-publish","hentry"],"yoast_head":"<!-- This site is optimized with the Yoast SEO plugin v25.4 - https:\/\/yoast.com\/wordpress\/plugins\/seo\/ -->\n<title>Weekenduri de Mai - Gura Portitei<\/title>\n<meta name=\"robots\" content=\"index, follow, max-snippet:-1, max-image-preview:large, max-video-preview:-1\" \/>\n<link rel=\"canonical\" href=\"https:\/\/guraportitei.ro\/en\/oferte-speciale\/weekenduri-de-mai\/\" \/>\n<meta property=\"og:locale\" content=\"en_US\" \/>\n<meta property=\"og:type\" content=\"article\" \/>\n<meta property=\"og:title\" content=\"Weekenduri de Mai - Gura Portitei\" \/>\n<meta property=\"og:description\" content=\"OFERTELE NOASTRE Weekenduri de Mai Weekenduri de Mai \u00cen mai, Delta e \u00een cea mai vie form\u0103 a ei: stuf [&hellip;]\" \/>\n<meta property=\"og:url\" content=\"https:\/\/guraportitei.ro\/en\/oferte-speciale\/weekenduri-de-mai\/\" \/>\n<meta property=\"og:site_name\" content=\"Gura Portitei\" \/>\n<meta property=\"article:modified_time\" content=\"2026-04-29T05:33:28+00:00\" \/>\n<meta property=\"og:image\" content=\"https:\/\/guraportitei.ro\/wp-content\/uploads\/2025\/12\/Screenshot-2025-12-17-at-16.10.47.png\" \/>\n<meta name=\"twitter:card\" content=\"summary_large_image\" \/>\n<meta name=\"twitter:label1\" content=\"Est. reading time\" \/>\n\t<meta name=\"twitter:data1\" content=\"1 minute\" \/>\n<script type=\"application\/ld+json\" class=\"yoast-schema-graph\">{\"@context\":\"https:\/\/schema.org\",\"@graph\":[{\"@type\":\"WebPage\",\"@id\":\"https:\/\/guraportitei.ro\/oferte-speciale\/weekenduri-de-mai\/\",\"url\":\"https:\/\/guraportitei.ro\/oferte-speciale\/weekenduri-de-mai\/\",\"name\":\"Weekenduri de Mai - Gura Portitei\",\"isPartOf\":{\"@id\":\"https:\/\/guraportitei.ro\/#website\"},\"primaryImageOfPage\":{\"@id\":\"https:\/\/guraportitei.ro\/oferte-speciale\/weekenduri-de-mai\/#primaryimage\"},\"image\":{\"@id\":\"https:\/\/guraportitei.ro\/oferte-speciale\/weekenduri-de-mai\/#primaryimage\"},\"thumbnailUrl\":\"https:\/\/guraportitei.ro\/wp-content\/uploads\/2025\/12\/Screenshot-2025-12-17-at-16.10.47.png\",\"datePublished\":\"2026-03-18T09:12:11+00:00\",\"dateModified\":\"2026-04-29T05:33:28+00:00\",\"breadcrumb\":{\"@id\":\"https:\/\/guraportitei.ro\/oferte-speciale\/weekenduri-de-mai\/#breadcrumb\"},\"inLanguage\":\"en-US\",\"potentialAction\":[{\"@type\":\"ReadAction\",\"target\":[\"https:\/\/guraportitei.ro\/oferte-speciale\/weekenduri-de-mai\/\"]}]},{\"@type\":\"ImageObject\",\"inLanguage\":\"en-US\",\"@id\":\"https:\/\/guraportitei.ro\/oferte-speciale\/weekenduri-de-mai\/#primaryimage\",\"url\":\"https:\/\/guraportitei.ro\/wp-content\/uploads\/2025\/12\/Screenshot-2025-12-17-at-16.10.47.png\",\"contentUrl\":\"https:\/\/guraportitei.ro\/wp-content\/uploads\/2025\/12\/Screenshot-2025-12-17-at-16.10.47.png\"},{\"@type\":\"BreadcrumbList\",\"@id\":\"https:\/\/guraportitei.ro\/oferte-speciale\/weekenduri-de-mai\/#breadcrumb\",\"itemListElement\":[{\"@type\":\"ListItem\",\"position\":1,\"name\":\"Home\",\"item\":\"https:\/\/guraportitei.ro\/\"},{\"@type\":\"ListItem\",\"position\":2,\"name\":\"Oferte speciale\",\"item\":\"https:\/\/guraportitei.ro\/oferte-speciale\/\"},{\"@type\":\"ListItem\",\"position\":3,\"name\":\"Weekenduri de Mai\"}]},{\"@type\":\"WebSite\",\"@id\":\"https:\/\/guraportitei.ro\/#website\",\"url\":\"https:\/\/guraportitei.ro\/\",\"name\":\"Gura Portitei\",\"description\":\"\",\"potentialAction\":[{\"@type\":\"SearchAction\",\"target\":{\"@type\":\"EntryPoint\",\"urlTemplate\":\"https:\/\/guraportitei.ro\/?s={search_term_string}\"},\"query-input\":{\"@type\":\"PropertyValueSpecification\",\"valueRequired\":true,\"valueName\":\"search_term_string\"}}],\"inLanguage\":\"en-US\"}]}<\/script>\n<!-- \/ Yoast SEO plugin. -->","yoast_head_json":{"title":"Weekenduri de Mai - Gura Portitei","robots":{"index":"index","follow":"follow","max-snippet":"max-snippet:-1","max-image-preview":"max-image-preview:large","max-video-preview":"max-video-preview:-1"},"canonical":"https:\/\/guraportitei.ro\/en\/oferte-speciale\/weekenduri-de-mai\/","og_locale":"en_US","og_type":"article","og_title":"Weekenduri de Mai - Gura Portitei","og_description":"OFERTELE NOASTRE Weekenduri de Mai Weekenduri de Mai \u00cen mai, Delta e \u00een cea mai vie form\u0103 a ei: stuf [&hellip;]","og_url":"https:\/\/guraportitei.ro\/en\/oferte-speciale\/weekenduri-de-mai\/","og_site_name":"Gura Portitei","article_modified_time":"2026-04-29T05:33:28+00:00","og_image":[{"url":"https:\/\/guraportitei.ro\/wp-content\/uploads\/2025\/12\/Screenshot-2025-12-17-at-16.10.47.png","type":"","width":"","height":""}],"twitter_card":"summary_large_image","twitter_misc":{"Est. reading time":"1 minute"},"schema":{"@context":"https:\/\/schema.org","@graph":[{"@type":"WebPage","@id":"https:\/\/guraportitei.ro\/oferte-speciale\/weekenduri-de-mai\/","url":"https:\/\/guraportitei.ro\/oferte-speciale\/weekenduri-de-mai\/","name":"Weekenduri de Mai - Gura Portitei","isPartOf":{"@id":"https:\/\/guraportitei.ro\/#website"},"primaryImageOfPage":{"@id":"https:\/\/guraportitei.ro\/oferte-speciale\/weekenduri-de-mai\/#primaryimage"},"image":{"@id":"https:\/\/guraportitei.ro\/oferte-speciale\/weekenduri-de-mai\/#primaryimage"},"thumbnailUrl":"https:\/\/guraportitei.ro\/wp-content\/uploads\/2025\/12\/Screenshot-2025-12-17-at-16.10.47.png","datePublished":"2026-03-18T09:12:11+00:00","dateModified":"2026-04-29T05:33:28+00:00","breadcrumb":{"@id":"https:\/\/guraportitei.ro\/oferte-speciale\/weekenduri-de-mai\/#breadcrumb"},"inLanguage":"en-US","potentialAction":[{"@type":"ReadAction","target":["https:\/\/guraportitei.ro\/oferte-speciale\/weekenduri-de-mai\/"]}]},{"@type":"ImageObject","inLanguage":"en-US","@id":"https:\/\/guraportitei.ro\/oferte-speciale\/weekenduri-de-mai\/#primaryimage","url":"https:\/\/guraportitei.ro\/wp-content\/uploads\/2025\/12\/Screenshot-2025-12-17-at-16.10.47.png","contentUrl":"https:\/\/guraportitei.ro\/wp-content\/uploads\/2025\/12\/Screenshot-2025-12-17-at-16.10.47.png"},{"@type":"BreadcrumbList","@id":"https:\/\/guraportitei.ro\/oferte-speciale\/weekenduri-de-mai\/#breadcrumb","itemListElement":[{"@type":"ListItem","position":1,"name":"Home","item":"https:\/\/guraportitei.ro\/"},{"@type":"ListItem","position":2,"name":"Oferte speciale","item":"https:\/\/guraportitei.ro\/oferte-speciale\/"},{"@type":"ListItem","position":3,"name":"Weekenduri de Mai"}]},{"@type":"WebSite","@id":"https:\/\/guraportitei.ro\/#website","url":"https:\/\/guraportitei.ro\/","name":"Gura Portitei","description":"","potentialAction":[{"@type":"SearchAction","target":{"@type":"EntryPoint","urlTemplate":"https:\/\/guraportitei.ro\/?s={search_term_string}"},"query-input":{"@type":"PropertyValueSpecification","valueRequired":true,"valueName":"search_term_string"}}],"inLanguage":"en-US"}]}},"_links":{"self":[{"href":"https:\/\/guraportitei.ro\/en\/wp-json\/wp\/v2\/pages\/2068","targetHints":{"allow":["GET"]}}],"collection":[{"href":"https:\/\/guraportitei.ro\/en\/wp-json\/wp\/v2\/pages"}],"about":[{"href":"https:\/\/guraportitei.ro\/en\/wp-json\/wp\/v2\/types\/page"}],"author":[{"embeddable":true,"href":"https:\/\/guraportitei.ro\/en\/wp-json\/wp\/v2\/users\/1"}],"replies":[{"embeddable":true,"href":"https:\/\/guraportitei.ro\/en\/wp-json\/wp\/v2\/comments?post=2068"}],"version-history":[{"count":4,"href":"https:\/\/guraportitei.ro\/en\/wp-json\/wp\/v2\/pages\/2068\/revisions"}],"predecessor-version":[{"id":2380,"href":"https:\/\/guraportitei.ro\/en\/wp-json\/wp\/v2\/pages\/2068\/revisions\/2380"}],"up":[{"embeddable":true,"href":"https:\/\/guraportitei.ro\/en\/wp-json\/wp\/v2\/pages\/257"}],"wp:attachment":[{"href":"https:\/\/guraportitei.ro\/en\/wp-json\/wp\/v2\/media?parent=2068"}],"curies":[{"name":"wp","href":"https:\/\/api.w.org\/{rel}","templated":true}]}}