{"id":2216,"date":"2026-04-03T17:57:41","date_gmt":"2026-04-03T17:57:41","guid":{"rendered":"https:\/\/guraportitei.ro\/?page_id=2216"},"modified":"2026-04-03T19:18:24","modified_gmt":"2026-04-03T19:18:24","slug":"o-zi-la-gura-portitei-resort","status":"publish","type":"page","link":"https:\/\/guraportitei.ro\/en\/oferte-speciale\/o-zi-la-gura-portitei-resort\/","title":{"rendered":"O zi la Gura Porti\u021bei Resort"},"content":{"rendered":"<div class=\"brz-root__container brz-reset-all brz brz-root__container-page\">\n<section id=\"6770af10ade308c4fdcd_oNsJWGIHOX_T\" class=\"brz-section brz-css-1l9s779 brz-css-17lbkwa\">\n<div class=\"brz-section__content brz-section--fullWidth brz-css-1mgjrgy brz-css-17qwxa0\" data-brz-custom-id=\"sJj5GKSrWDc4\">\n<div class=\"brz-bg\">\n<div class=\"brz-bg-image\"><\/div>\n<div class=\"brz-bg-color\"><\/div>\n<\/div>\n<div class=\"brz-container brz-css-1tgef3e brz-css-1cxakjb\">\n<div class=\"brz-row__container brz-css-164fx7c brz-css-1sldzal\" data-brz-custom-id=\"dj7oJmCDdL09\">\n<div class=\"brz-row brz-css-axlzyk brz-css-wees8g\">\n<div class=\"brz-columns brz-css-1hmzkm0 brz-css-g9c7vy\" data-brz-custom-id=\"v4tHWRG2FCS9\">\n<div class=\"brz-column__items brz-css-1soijwf brz-css-1w3ujy2\">\n<div id=\"\" class=\"brz-css-12t316h brz-css-seaa0n brz-wrapper\">\n<div class=\"brz-rich-text brz-rich-text__custom brz-css-xu26o4 brz-css-14x4d38\" data-brz-custom-id=\"mCjNQ4tTh3tz\">\n<div data-brz-translate-text=\"1\">\n<p class=\"brz-text-lg-center brz-tp-lg-paragraph brz-css-ewCLy\" data-generated-css=\"brz-css-dbmsW\" data-uniq-id=\"aixFc\"><span class=\"brz-cp-color3\" style=\"color: rgba(var(--brz-global-color3),1);\">OUR OFFERS<\/span><\/p>\n<\/div>\n<\/div>\n<\/div>\n<div id=\"\" class=\"brz-css-12t316h brz-css-ftwm1u brz-wrapper\">\n<div class=\"brz-rich-text brz-rich-text__custom brz-css-xu26o4 brz-css-8jttre\" data-brz-custom-id=\"eevb4TsBC6BN\">\n<div data-brz-translate-text=\"1\">\n<p class=\"brz-ff-playfair_display brz-tp-lg-empty brz-fsft-lg-0 brz-fwdth-lg-100 brz-vfw-lg-400 brz-lh-lg-1 brz-ls-lg-0 brz-fw-lg-400 brz-fss-lg-px brz-fs-lg-48 brz-ft-google brz-text-lg-center brz-css-umwNM\" data-uniq-id=\"i2nhj\" data-generated-css=\"brz-css-zrM8L\"><span class=\"brz-cp-color3\" style=\"color: rgba(var(--brz-global-color3),1);\">O zi la Gura Porti\u021bei<\/span><\/p>\n<\/div>\n<\/div>\n<\/div>\n<\/div>\n<\/div>\n<\/div>\n<\/div>\n<\/div>\n<\/div>\n<\/section>\n<section id=\"6f505e75b87949805fdb_bKmBwd56vknF\" class=\"brz-section brz-css-1l9s779 brz-css-1bndu8z\">\n<div class=\"brz-section__content brz-section--boxed brz-css-1mgjrgy brz-css-16bd2t8\" data-brz-custom-id=\"sSPdmxuwEDXy\">\n<div class=\"brz-bg\">\n<div class=\"brz-bg-color\"><\/div>\n<\/div>\n<div class=\"brz-container brz-css-1tgef3e brz-css-so4yhk\">\n<div class=\"brz-row__container brz-css-164fx7c brz-css-74ny1s\" data-brz-custom-id=\"ci949aNhNBuQ\">\n<div class=\"brz-row brz-css-axlzyk brz-css-lwhb1f\">\n<div class=\"brz-columns brz-css-1hmzkm0 brz-css-avd0pc\" data-brz-custom-id=\"oUbQg_tzO7ew\">\n<div class=\"brz-column__items brz-css-1soijwf brz-css-16qexup\">\n<div class=\"brz-row__container brz-css-164fx7c brz-css-ohzjnl\" data-brz-custom-id=\"lQ6c21V9cH5R\">\n<div class=\"brz-row brz-row--inner brz-css-axlzyk brz-css-1vjppqd brz-css-fkyoxx\">\n<div class=\"brz-columns brz-css-1hmzkm0 brz-css-12wrrrc\" data-brz-custom-id=\"dZEii0gTlMBa\">\n<div class=\"brz-column__items brz-css-1soijwf brz-css-50edho\">\n<div id=\"\" class=\"brz-css-12t316h brz-css-1s81xiq brz-wrapper\">\n<div class=\"brz-rich-text brz-rich-text__custom brz-css-xu26o4 brz-css-q6vzfq\" data-brz-custom-id=\"iJ5oKiqr5gAj\">\n<div data-brz-translate-text=\"1\">\n<p class=\"brz-text-lg-justify brz-tp-lg-empty brz-ff-poppins brz-ft-google brz-fs-lg-14 brz-fss-lg-px brz-fw-lg-400 brz-ls-lg-m_0_2 brz-lh-lg-1_4 brz-vfw-lg-400 brz-fwdth-lg-100 brz-fsft-lg-0 brz-css-zZJKG\" data-uniq-id=\"qHAL_\" data-generated-css=\"brz-css-vqGoB\"><strong class=\"brz-cp-color7\">O ZI LA GURA PORTI\u021aEI RESORT<\/strong><\/p>\n<p class=\"brz-text-lg-justify brz-tp-lg-empty brz-ff-poppins brz-ft-google brz-fs-lg-14 brz-fss-lg-px brz-fw-lg-400 brz-ls-lg-m_0_2 brz-lh-lg-1_4 brz-vfw-lg-400 brz-fwdth-lg-100 brz-fsft-lg-0 brz-css-isoxy\" data-uniq-id=\"yXkSe\" data-generated-css=\"brz-css-bDa8j\"><\/p>\n<p class=\"brz-text-lg-justify brz-tp-lg-empty brz-ff-poppins brz-ft-google brz-fs-lg-14 brz-fss-lg-px brz-fw-lg-400 brz-ls-lg-m_0_2 brz-lh-lg-1_4 brz-vfw-lg-400 brz-fwdth-lg-100 brz-fsft-lg-0 brz-css-ryw5k\" data-uniq-id=\"bXx6B\" data-generated-css=\"brz-css-rpmmb\"><strong>Plaj\u0103, relaxare \u0219i timp petrecut \u00eentre mare \u0219i lacuri<\/strong><\/p>\n<p class=\"brz-text-lg-justify brz-tp-lg-empty brz-ff-poppins brz-ft-google brz-fs-lg-14 brz-fss-lg-px brz-fw-lg-400 brz-ls-lg-m_0_2 brz-lh-lg-1_4 brz-vfw-lg-400 brz-fwdth-lg-100 brz-fsft-lg-0 brz-css-epYia\" data-uniq-id=\"l1jow\" data-generated-css=\"brz-css-jC6u4\">O zi la Gura Porti\u021bei \u00eenseamn\u0103 plaj\u0103, b\u0103uturi reci la malul m\u0103rii, gust\u0103ri la beach bar \u0219i c\u00e2teva ore petrecute \u00eentr-un loc aparte, unde natura \u00ee\u0219i p\u0103streaz\u0103 ritmul firesc.<\/p>\n<p class=\"brz-text-lg-justify brz-tp-lg-empty brz-ff-poppins brz-ft-google brz-fs-lg-14 brz-fss-lg-px brz-fw-lg-400 brz-ls-lg-m_0_2 brz-lh-lg-1_4 brz-vfw-lg-400 brz-fwdth-lg-100 brz-fsft-lg-0 brz-css-v0NUl\" data-uniq-id=\"abmSA\" data-generated-css=\"brz-css-jLyf8\">Dac\u0103 vrei s\u0103 te bucuri de resort pentru o zi, po\u021bi achizi\u021biona un voucher de la recep\u021bia noastr\u0103 din Jurilovca \u0219i po\u021bi porni spre o experien\u021b\u0103 de day use \u00eentre mare \u0219i lacurile din zon\u0103.<\/p>\n<p class=\"brz-text-lg-justify brz-tp-lg-empty brz-ff-poppins brz-ft-google brz-fs-lg-14 brz-fss-lg-px brz-fw-lg-400 brz-ls-lg-m_0_2 brz-lh-lg-1_4 brz-vfw-lg-400 brz-fwdth-lg-100 brz-fsft-lg-0 brz-css-s5szh\" data-uniq-id=\"hlB1C\" data-generated-css=\"brz-css-r8kPX\">Valoare voucher: <strong>100 lei \/ persoan\u0103<\/strong><\/p>\n<p class=\"brz-text-lg-justify brz-tp-lg-empty brz-ff-poppins brz-ft-google brz-fs-lg-14 brz-fss-lg-px brz-fw-lg-400 brz-ls-lg-m_0_2 brz-lh-lg-1_4 brz-vfw-lg-400 brz-fwdth-lg-100 brz-fsft-lg-0 brz-css-cLUI6\" data-uniq-id=\"euGAL\" data-generated-css=\"brz-css-cCI8q\"><\/p>\n<p class=\"brz-text-lg-justify brz-tp-lg-empty brz-ff-poppins brz-ft-google brz-fs-lg-14 brz-fss-lg-px brz-fw-lg-400 brz-ls-lg-m_0_2 brz-lh-lg-1_4 brz-vfw-lg-400 brz-fwdth-lg-100 brz-fsft-lg-0 brz-css-bMgzS\" data-uniq-id=\"qvCZO\" data-generated-css=\"brz-css-bX3mq\"><strong>Copiii cu v\u00e2rsta de p\u00e2n\u0103 la 12 ani: gratuit<\/strong><\/p>\n<p class=\"brz-text-lg-justify brz-tp-lg-empty brz-ff-poppins brz-ft-google brz-fs-lg-14 brz-fss-lg-px brz-fw-lg-400 brz-ls-lg-m_0_2 brz-lh-lg-1_4 brz-vfw-lg-400 brz-fwdth-lg-100 brz-fsft-lg-0 brz-css-kxzBT\" data-uniq-id=\"pnayX\" data-generated-css=\"brz-css-vweFE\">Voucherul poate fi utilizat pentru:<\/p>\n<ul>\n<li class=\"brz-text-lg-justify brz-tp-lg-empty brz-ff-poppins brz-ft-google brz-fs-lg-14 brz-fss-lg-px brz-fw-lg-400 brz-ls-lg-m_0_2 brz-lh-lg-1_4 brz-vfw-lg-400 brz-fwdth-lg-100 brz-fsft-lg-0 brz-css-vK2p8\" data-uniq-id=\"yI1k2\" data-generated-css=\"brz-css-v_LZp\">B\u0103uturi de la Pool Bar<\/li>\n<li class=\"brz-text-lg-justify brz-tp-lg-empty brz-ff-poppins brz-ft-google brz-fs-lg-14 brz-fss-lg-px brz-fw-lg-400 brz-ls-lg-m_0_2 brz-lh-lg-1_4 brz-vfw-lg-400 brz-fwdth-lg-100 brz-fsft-lg-0 brz-css-jw4QU\" data-uniq-id=\"t1vh1\" data-generated-css=\"brz-css-zPVkT\">Gust\u0103ri \u0219i b\u0103uturi la Beach Bar Nord<\/li>\n<li class=\"brz-text-lg-justify brz-tp-lg-empty brz-ff-poppins brz-ft-google brz-fs-lg-14 brz-fss-lg-px brz-fw-lg-400 brz-ls-lg-m_0_2 brz-lh-lg-1_4 brz-vfw-lg-400 brz-fwdth-lg-100 brz-fsft-lg-0 brz-css-q9bTZ\" data-uniq-id=\"jSzAA\" data-generated-css=\"brz-css-bB1eZ\">\u00cenchiriere \u0219ezlong pentru plaj\u0103<\/li>\n<\/ul>\n<p data-uniq-id=\"jSzAA\" data-generated-css=\"brz-css-bB1eZ\" class=\"brz-text-lg-justify brz-tp-lg-empty brz-ff-poppins brz-ft-google brz-fs-lg-14 brz-fss-lg-px brz-fw-lg-400 brz-ls-lg-m_0_2 brz-lh-lg-1_4 brz-vfw-lg-400 brz-fwdth-lg-100 brz-fsft-lg-0 brz-css-mgP7W\"><\/p>\n<p class=\"brz-text-lg-justify brz-tp-lg-empty brz-ff-poppins brz-ft-google brz-fs-lg-14 brz-fss-lg-px brz-fw-lg-400 brz-ls-lg-m_0_2 brz-lh-lg-1_4 brz-vfw-lg-400 brz-fwdth-lg-100 brz-fsft-lg-0 brz-css-mONGg\" data-uniq-id=\"bonCE\" data-generated-css=\"brz-css-vsJSi\">Pentru accesul la plaj\u0103, \u00eenchirierea \u0219ezlongului nu este obligatorie.<\/p>\n<p class=\"brz-text-lg-justify brz-tp-lg-empty brz-ff-poppins brz-ft-google brz-fs-lg-14 brz-fss-lg-px brz-fw-lg-400 brz-ls-lg-m_0_2 brz-lh-lg-1_4 brz-vfw-lg-400 brz-fwdth-lg-100 brz-fsft-lg-0 brz-css-ufmJo\" data-uniq-id=\"sAPBu\" data-generated-css=\"brz-css-egovF\"><strong>Gura Porti\u021bei Resort se deschide la data de 1 mai.<\/strong><\/p>\n<p class=\"brz-text-lg-justify brz-tp-lg-empty brz-ff-poppins brz-ft-google brz-fs-lg-14 brz-fss-lg-px brz-fw-lg-400 brz-ls-lg-m_0_2 brz-lh-lg-1_4 brz-vfw-lg-400 brz-fwdth-lg-100 brz-fsft-lg-0 brz-css-tH6Vx\" data-uniq-id=\"esvZF\" data-generated-css=\"brz-css-vsL2x\">P\u00e2n\u0103 la acel moment, accesul vizitatorilor pe teritoriul resortului nu este permis, din motive de siguran\u021b\u0103.<\/p>\n<\/div>\n<\/div>\n<\/div>\n<div class=\"brz-wrapper-clone brz-flex-xs-wrap brz-css-6cuh3g brz-css-1i3bggy\" data-brz-custom-id=\"txT9LNFCfL66\"><a class=\"brz-a brz-btn brz-css-la6z9r brz-css-52ryzh brz-css-8uytr9 brz-css-1iuykei\" href=\"https:\/\/guraportitei.ro\/en\/contact\/\" target=\"_self\" rel=\"noopener\" data-brz-link-type=\"external\" data-brz-custom-id=\"ekFQ0SUghRMW\"><span data-brz-translate-text=\"1\" class=\"brz-span brz-text__editor\">BOOK NOW<\/span><\/a><\/div>\n<\/div>\n<\/div>\n<\/div>\n<\/div>\n<\/div>\n<\/div>\n<\/div>\n<\/div>\n<\/div>\n<\/div>\n<\/section>\n<\/div>\n<p>    <!-- version:1775243904 --><\/p>","protected":false},"excerpt":{"rendered":"<p>OFERTELE NOASTRE O zi la Gura Porti\u021bei O ZI LA GURA PORTI\u021aEI RESORT Plaj\u0103, relaxare \u0219i timp petrecut \u00eentre mare [&hellip;]<\/p>","protected":false},"author":1,"featured_media":0,"parent":257,"menu_order":0,"comment_status":"closed","ping_status":"closed","template":"brizy-blank-template.php","meta":{"site-sidebar-layout":"default","site-content-layout":"","ast-site-content-layout":"default","site-content-style":"default","site-sidebar-style":"default","ast-global-header-display":"","ast-banner-title-visibility":"","ast-main-header-display":"","ast-hfb-above-header-display":"","ast-hfb-below-header-display":"","ast-hfb-mobile-header-display":"","site-post-title":"","ast-breadcrumbs-content":"","ast-featured-img":"","footer-sml-layout":"","theme-transparent-header-meta":"default","adv-header-id-meta":"","stick-header-meta":"","header-above-stick-meta":"","header-main-stick-meta":"","header-below-stick-meta":"","astra-migrate-meta-layouts":"set","ast-page-background-enabled":"default","ast-page-background-meta":{"desktop":{"background-color":"var(--ast-global-color-5)","background-image":"","background-repeat":"repeat","background-position":"center center","background-size":"auto","background-attachment":"scroll","background-type":"","background-media":"","overlay-type":"","overlay-color":"","overlay-opacity":"","overlay-gradient":""},"tablet":{"background-color":"","background-image":"","background-repeat":"repeat","background-position":"center center","background-size":"auto","background-attachment":"scroll","background-type":"","background-media":"","overlay-type":"","overlay-color":"","overlay-opacity":"","overlay-gradient":""},"mobile":{"background-color":"","background-image":"","background-repeat":"repeat","background-position":"center center","background-size":"auto","background-attachment":"scroll","background-type":"","background-media":"","overlay-type":"","overlay-color":"","overlay-opacity":"","overlay-gradient":""}},"ast-content-background-meta":{"desktop":{"background-color":"var(--ast-global-color-4)","background-image":"","background-repeat":"repeat","background-position":"center center","background-size":"auto","background-attachment":"scroll","background-type":"","background-media":"","overlay-type":"","overlay-color":"","overlay-opacity":"","overlay-gradient":""},"tablet":{"background-color":"var(--ast-global-color-4)","background-image":"","background-repeat":"repeat","background-position":"center center","background-size":"auto","background-attachment":"scroll","background-type":"","background-media":"","overlay-type":"","overlay-color":"","overlay-opacity":"","overlay-gradient":""},"mobile":{"background-color":"var(--ast-global-color-4)","background-image":"","background-repeat":"repeat","background-position":"center center","background-size":"auto","background-attachment":"scroll","background-type":"","background-media":"","overlay-type":"","overlay-color":"","overlay-opacity":"","overlay-gradient":""}},"footnotes":""},"class_list":["post-2216","page","type-page","status-publish","hentry"],"yoast_head":"<!-- This site is optimized with the Yoast SEO plugin v25.4 - https:\/\/yoast.com\/wordpress\/plugins\/seo\/ -->\n<title>O zi la Gura Porti\u021bei Resort - Gura Portitei<\/title>\n<meta name=\"robots\" content=\"index, follow, max-snippet:-1, max-image-preview:large, max-video-preview:-1\" \/>\n<link rel=\"canonical\" href=\"https:\/\/guraportitei.ro\/en\/oferte-speciale\/o-zi-la-gura-portitei-resort\/\" \/>\n<meta property=\"og:locale\" content=\"en_US\" \/>\n<meta property=\"og:type\" content=\"article\" \/>\n<meta property=\"og:title\" content=\"O zi la Gura Porti\u021bei Resort - Gura Portitei\" \/>\n<meta property=\"og:description\" content=\"OFERTELE NOASTRE O zi la Gura Porti\u021bei O ZI LA GURA PORTI\u021aEI RESORT Plaj\u0103, relaxare \u0219i timp petrecut \u00eentre mare [&hellip;]\" \/>\n<meta property=\"og:url\" content=\"https:\/\/guraportitei.ro\/en\/oferte-speciale\/o-zi-la-gura-portitei-resort\/\" \/>\n<meta property=\"og:site_name\" content=\"Gura Portitei\" \/>\n<meta property=\"article:modified_time\" content=\"2026-04-03T19:18:24+00:00\" \/>\n<meta name=\"twitter:card\" content=\"summary_large_image\" \/>\n<meta name=\"twitter:label1\" content=\"Est. reading time\" \/>\n\t<meta name=\"twitter:data1\" content=\"1 minute\" \/>\n<script type=\"application\/ld+json\" class=\"yoast-schema-graph\">{\"@context\":\"https:\/\/schema.org\",\"@graph\":[{\"@type\":\"WebPage\",\"@id\":\"https:\/\/guraportitei.ro\/oferte-speciale\/o-zi-la-gura-portitei-resort\/\",\"url\":\"https:\/\/guraportitei.ro\/oferte-speciale\/o-zi-la-gura-portitei-resort\/\",\"name\":\"O zi la Gura Porti\u021bei Resort - Gura Portitei\",\"isPartOf\":{\"@id\":\"https:\/\/guraportitei.ro\/#website\"},\"datePublished\":\"2026-04-03T17:57:41+00:00\",\"dateModified\":\"2026-04-03T19:18:24+00:00\",\"breadcrumb\":{\"@id\":\"https:\/\/guraportitei.ro\/oferte-speciale\/o-zi-la-gura-portitei-resort\/#breadcrumb\"},\"inLanguage\":\"en-US\",\"potentialAction\":[{\"@type\":\"ReadAction\",\"target\":[\"https:\/\/guraportitei.ro\/oferte-speciale\/o-zi-la-gura-portitei-resort\/\"]}]},{\"@type\":\"BreadcrumbList\",\"@id\":\"https:\/\/guraportitei.ro\/oferte-speciale\/o-zi-la-gura-portitei-resort\/#breadcrumb\",\"itemListElement\":[{\"@type\":\"ListItem\",\"position\":1,\"name\":\"Home\",\"item\":\"https:\/\/guraportitei.ro\/\"},{\"@type\":\"ListItem\",\"position\":2,\"name\":\"Oferte speciale\",\"item\":\"https:\/\/guraportitei.ro\/oferte-speciale\/\"},{\"@type\":\"ListItem\",\"position\":3,\"name\":\"O zi la Gura Porti\u021bei Resort\"}]},{\"@type\":\"WebSite\",\"@id\":\"https:\/\/guraportitei.ro\/#website\",\"url\":\"https:\/\/guraportitei.ro\/\",\"name\":\"Gura Portitei\",\"description\":\"\",\"potentialAction\":[{\"@type\":\"SearchAction\",\"target\":{\"@type\":\"EntryPoint\",\"urlTemplate\":\"https:\/\/guraportitei.ro\/?s={search_term_string}\"},\"query-input\":{\"@type\":\"PropertyValueSpecification\",\"valueRequired\":true,\"valueName\":\"search_term_string\"}}],\"inLanguage\":\"en-US\"}]}<\/script>\n<!-- \/ Yoast SEO plugin. -->","yoast_head_json":{"title":"O zi la Gura Porti\u021bei Resort - Gura Portitei","robots":{"index":"index","follow":"follow","max-snippet":"max-snippet:-1","max-image-preview":"max-image-preview:large","max-video-preview":"max-video-preview:-1"},"canonical":"https:\/\/guraportitei.ro\/en\/oferte-speciale\/o-zi-la-gura-portitei-resort\/","og_locale":"en_US","og_type":"article","og_title":"O zi la Gura Porti\u021bei Resort - Gura Portitei","og_description":"OFERTELE NOASTRE O zi la Gura Porti\u021bei O ZI LA GURA PORTI\u021aEI RESORT Plaj\u0103, relaxare \u0219i timp petrecut \u00eentre mare [&hellip;]","og_url":"https:\/\/guraportitei.ro\/en\/oferte-speciale\/o-zi-la-gura-portitei-resort\/","og_site_name":"Gura Portitei","article_modified_time":"2026-04-03T19:18:24+00:00","twitter_card":"summary_large_image","twitter_misc":{"Est. reading time":"1 minute"},"schema":{"@context":"https:\/\/schema.org","@graph":[{"@type":"WebPage","@id":"https:\/\/guraportitei.ro\/oferte-speciale\/o-zi-la-gura-portitei-resort\/","url":"https:\/\/guraportitei.ro\/oferte-speciale\/o-zi-la-gura-portitei-resort\/","name":"O zi la Gura Porti\u021bei Resort - Gura Portitei","isPartOf":{"@id":"https:\/\/guraportitei.ro\/#website"},"datePublished":"2026-04-03T17:57:41+00:00","dateModified":"2026-04-03T19:18:24+00:00","breadcrumb":{"@id":"https:\/\/guraportitei.ro\/oferte-speciale\/o-zi-la-gura-portitei-resort\/#breadcrumb"},"inLanguage":"en-US","potentialAction":[{"@type":"ReadAction","target":["https:\/\/guraportitei.ro\/oferte-speciale\/o-zi-la-gura-portitei-resort\/"]}]},{"@type":"BreadcrumbList","@id":"https:\/\/guraportitei.ro\/oferte-speciale\/o-zi-la-gura-portitei-resort\/#breadcrumb","itemListElement":[{"@type":"ListItem","position":1,"name":"Home","item":"https:\/\/guraportitei.ro\/"},{"@type":"ListItem","position":2,"name":"Oferte speciale","item":"https:\/\/guraportitei.ro\/oferte-speciale\/"},{"@type":"ListItem","position":3,"name":"O zi la Gura Porti\u021bei Resort"}]},{"@type":"WebSite","@id":"https:\/\/guraportitei.ro\/#website","url":"https:\/\/guraportitei.ro\/","name":"Gura Portitei","description":"","potentialAction":[{"@type":"SearchAction","target":{"@type":"EntryPoint","urlTemplate":"https:\/\/guraportitei.ro\/?s={search_term_string}"},"query-input":{"@type":"PropertyValueSpecification","valueRequired":true,"valueName":"search_term_string"}}],"inLanguage":"en-US"}]}},"_links":{"self":[{"href":"https:\/\/guraportitei.ro\/en\/wp-json\/wp\/v2\/pages\/2216","targetHints":{"allow":["GET"]}}],"collection":[{"href":"https:\/\/guraportitei.ro\/en\/wp-json\/wp\/v2\/pages"}],"about":[{"href":"https:\/\/guraportitei.ro\/en\/wp-json\/wp\/v2\/types\/page"}],"author":[{"embeddable":true,"href":"https:\/\/guraportitei.ro\/en\/wp-json\/wp\/v2\/users\/1"}],"replies":[{"embeddable":true,"href":"https:\/\/guraportitei.ro\/en\/wp-json\/wp\/v2\/comments?post=2216"}],"version-history":[{"count":5,"href":"https:\/\/guraportitei.ro\/en\/wp-json\/wp\/v2\/pages\/2216\/revisions"}],"predecessor-version":[{"id":2249,"href":"https:\/\/guraportitei.ro\/en\/wp-json\/wp\/v2\/pages\/2216\/revisions\/2249"}],"up":[{"embeddable":true,"href":"https:\/\/guraportitei.ro\/en\/wp-json\/wp\/v2\/pages\/257"}],"wp:attachment":[{"href":"https:\/\/guraportitei.ro\/en\/wp-json\/wp\/v2\/media?parent=2216"}],"curies":[{"name":"wp","href":"https:\/\/api.w.org\/{rel}","templated":true}]}}