{"id":2297,"date":"2026-04-29T05:25:31","date_gmt":"2026-04-29T05:25:31","guid":{"rendered":"https:\/\/guraportitei.ro\/?page_id=2297"},"modified":"2026-05-07T13:07:03","modified_gmt":"2026-05-07T13:07:03","slug":"weekend_special_cu_pavel_stratan","status":"publish","type":"page","link":"https:\/\/guraportitei.ro\/en\/oferte-speciale\/weekend_special_cu_pavel_stratan\/","title":{"rendered":"Oferta de weekend cu Pavel Stratan"},"content":{"rendered":"<div class=\"brz-root__container brz-reset-all brz brz-root__container-page\">\n<section id=\"e64a17d7779564fc5df1_oNsJWGIHOX_T\" class=\"brz-section brz-css-1l9s779 brz-css-17lbkwa\">\n<div class=\"brz-section__content brz-section--fullWidth brz-css-1mgjrgy brz-css-1bu70kx\" data-brz-custom-id=\"sJj5GKSrWDc4\">\n<div class=\"brz-bg\">\n<div class=\"brz-bg-image\"><\/div>\n<div class=\"brz-bg-color\"><\/div>\n<\/div>\n<div class=\"brz-container brz-css-1tgef3e brz-css-1cxakjb\">\n<div class=\"brz-row__container brz-css-164fx7c brz-css-1sldzal\" data-brz-custom-id=\"dj7oJmCDdL09\">\n<div class=\"brz-row brz-css-axlzyk brz-css-wees8g\">\n<div class=\"brz-columns brz-css-1hmzkm0 brz-css-g9c7vy\" data-brz-custom-id=\"v4tHWRG2FCS9\">\n<div class=\"brz-column__items brz-css-1soijwf brz-css-1w3ujy2\">\n<div id=\"\" class=\"brz-css-12t316h brz-css-seaa0n brz-wrapper\">\n<div class=\"brz-rich-text brz-rich-text__custom brz-css-xu26o4 brz-css-14x4d38\" data-brz-custom-id=\"mCjNQ4tTh3tz\">\n<div data-brz-translate-text=\"1\">\n<p class=\"brz-text-lg-center brz-tp-lg-paragraph brz-css-k6SRS\" data-generated-css=\"brz-css-dbmsW\" data-uniq-id=\"aixFc\"><span class=\"brz-cp-color3\" style=\"color: rgba(var(--brz-global-color3),1);\">OUR OFFERS<\/span><\/p>\n<\/div>\n<\/div>\n<\/div>\n<div id=\"\" class=\"brz-css-12t316h brz-css-ftwm1u brz-wrapper\">\n<div class=\"brz-rich-text brz-rich-text__custom brz-css-xu26o4 brz-css-8jttre\" data-brz-custom-id=\"eevb4TsBC6BN\">\n<div data-brz-translate-text=\"1\">\n<p class=\"brz-ff-playfair_display brz-tp-lg-empty brz-fsft-lg-0 brz-fwdth-lg-100 brz-vfw-lg-400 brz-lh-lg-1 brz-ls-lg-0 brz-fw-lg-400 brz-fss-lg-px brz-fs-lg-48 brz-ft-google brz-text-lg-center brz-css-odfuQ\" data-uniq-id=\"cMpFu\" data-generated-css=\"brz-css-rMBif\"><span class=\"brz-cp-color3\" style=\"color: rgba(var(--brz-global-color3),1);\">Un Mai Special<\/span><\/p>\n<\/div>\n<\/div>\n<\/div>\n<\/div>\n<\/div>\n<\/div>\n<\/div>\n<\/div>\n<\/div>\n<\/section>\n<section id=\"04379490a1c1a755adca_bKmBwd56vknF\" class=\"brz-section brz-css-1l9s779 brz-css-1bndu8z\">\n<div class=\"brz-section__content brz-section--boxed brz-css-1mgjrgy brz-css-16bd2t8\" data-brz-custom-id=\"sSPdmxuwEDXy\">\n<div class=\"brz-bg\">\n<div class=\"brz-bg-color\"><\/div>\n<\/div>\n<div class=\"brz-container brz-css-1tgef3e brz-css-so4yhk\">\n<div class=\"brz-row__container brz-css-164fx7c brz-css-74ny1s\" data-brz-custom-id=\"ci949aNhNBuQ\">\n<div class=\"brz-row brz-css-axlzyk brz-css-lwhb1f\">\n<div class=\"brz-columns brz-css-1hmzkm0 brz-css-avd0pc\" data-brz-custom-id=\"oUbQg_tzO7ew\">\n<div class=\"brz-column__items brz-css-1soijwf brz-css-16qexup\">\n<div class=\"brz-row__container brz-css-164fx7c brz-css-ohzjnl\" data-brz-custom-id=\"lQ6c21V9cH5R\">\n<div class=\"brz-row brz-row--inner brz-css-axlzyk brz-css-1vjppqd brz-css-fkyoxx\">\n<div class=\"brz-columns brz-css-1hmzkm0 brz-css-12wrrrc\" data-brz-custom-id=\"dZEii0gTlMBa\">\n<div class=\"brz-column__items brz-css-1soijwf brz-css-50edho\">\n<div id=\"\" class=\"brz-css-12t316h brz-css-1s81xiq brz-wrapper\">\n<div class=\"brz-rich-text brz-rich-text__custom brz-css-xu26o4 brz-css-q6vzfq\" data-brz-custom-id=\"iJ5oKiqr5gAj\">\n<div data-brz-translate-text=\"1\">\n<p class=\"brz-fsft-lg-0 brz-fwdth-lg-100 brz-vfw-lg-400 brz-lh-lg-1_4 brz-ls-lg-m_0_2 brz-fw-lg-400 brz-fss-lg-px brz-fs-lg-14 brz-ft-google brz-ff-poppins brz-tp-lg-empty brz-text-lg-justify brz-css-lwNK2\" data-generated-css=\"brz-css-oohfp\" data-uniq-id=\"qfbt5\"><strong class=\"brz-cp-color7\">Un weekend MAI SPECIAL cu o sear\u0103 al\u0103turi de Pavel Stratan<\/strong><\/p>\n<p class=\"brz-fsft-lg-0 brz-fwdth-lg-100 brz-vfw-lg-400 brz-lh-lg-1_4 brz-ls-lg-m_0_2 brz-fw-lg-400 brz-fss-lg-px brz-fs-lg-14 brz-ft-google brz-ff-poppins brz-tp-lg-empty brz-text-lg-justify brz-css-y5rRC\" data-generated-css=\"brz-css-l59Z1\" data-uniq-id=\"v6nxa\"><span class=\"brz-cp-color7\">Nature, fine dining, and great music between the Black Sea and the gateway to the Delta<\/span><\/p>\n<p class=\"brz-fsft-lg-0 brz-fwdth-lg-100 brz-vfw-lg-400 brz-lh-lg-1_4 brz-ls-lg-m_0_2 brz-fw-lg-400 brz-fss-lg-px brz-fs-lg-14 brz-ft-google brz-ff-poppins brz-tp-lg-empty brz-text-lg-justify brz-css-cVLnC\" data-generated-css=\"brz-css-o73px\" data-uniq-id=\"mVD9q\"><\/p>\n<p class=\"brz-fsft-lg-0 brz-fwdth-lg-100 brz-vfw-lg-400 brz-lh-lg-1_4 brz-ls-lg-m_0_2 brz-fw-lg-400 brz-fss-lg-px brz-fs-lg-14 brz-ft-google brz-ff-poppins brz-tp-lg-empty brz-text-lg-justify brz-css-uBnkr\" data-generated-css=\"brz-css-oMfzf\" data-uniq-id=\"g59Dg\"><strong class=\"brz-cp-color7\">De 15-17 Mai, Gura Porti\u021bei Resort v\u0103 propune nu doar cazare \u00een camere confortabile cu vedere la mare, nu doar o c\u0103l\u0103torie \u00een gastronomia deltaic\u0103 \u0219i dobrogean\u0103, ci \u0219i un program artistic pentru toate v\u00e2rstele \u0219i gusturile <\/strong><\/p>\n<p class=\"brz-fsft-lg-0 brz-fwdth-lg-100 brz-vfw-lg-400 brz-lh-lg-1_4 brz-ls-lg-m_0_2 brz-fw-lg-400 brz-fss-lg-px brz-fs-lg-14 brz-ft-google brz-ff-poppins brz-tp-lg-empty brz-text-lg-justify brz-css-h3Txo\" data-generated-css=\"brz-css-ps7rJ\" data-uniq-id=\"nK22Q\"><\/p>\n<p class=\"brz-fsft-lg-0 brz-fwdth-lg-100 brz-vfw-lg-400 brz-lh-lg-1_4 brz-ls-lg-m_0_2 brz-fw-lg-400 brz-fss-lg-px brz-fs-lg-14 brz-ft-google brz-ff-poppins brz-tp-lg-empty brz-text-lg-justify brz-css-vws0u\" data-generated-css=\"brz-css-zBHsG\" data-uniq-id=\"pZReI\"><strong class=\"brz-cp-color7\">Perioada &#8211; 15 \u2013 17 mai <\/strong><\/p>\n<p class=\"brz-fsft-lg-0 brz-fwdth-lg-100 brz-vfw-lg-400 brz-lh-lg-1_4 brz-ls-lg-m_0_2 brz-fw-lg-400 brz-fss-lg-px brz-fs-lg-14 brz-ft-google brz-ff-poppins brz-tp-lg-empty brz-text-lg-justify brz-css-qvKWh\" data-generated-css=\"brz-css-ldFD4\" data-uniq-id=\"hfPBg\"><strong class=\"brz-cp-color7\">Pre\u021b: \u00eencep\u00e2nd de la 495 lei\/noapte\/camera cu mic dejun\/2 adul\u021bi<\/strong><\/p>\n<p class=\"brz-fsft-lg-0 brz-fwdth-lg-100 brz-vfw-lg-400 brz-lh-lg-1_4 brz-ls-lg-m_0_2 brz-fw-lg-400 brz-fss-lg-px brz-fs-lg-14 brz-ft-google brz-ff-poppins brz-tp-lg-empty brz-text-lg-justify brz-css-qXDNd\" data-generated-css=\"brz-css-tgUrn\" data-uniq-id=\"wE63R\"><\/p>\n<p class=\"brz-fsft-lg-0 brz-fwdth-lg-100 brz-vfw-lg-400 brz-lh-lg-1_4 brz-ls-lg-m_0_2 brz-fw-lg-400 brz-fss-lg-px brz-fs-lg-14 brz-ft-google brz-ff-poppins brz-tp-lg-empty brz-text-lg-justify brz-css-kB12c\" data-generated-css=\"brz-css-b5XkZ\" data-uniq-id=\"ybKVO\"><strong class=\"brz-cp-color7\">Round-trip boat transfer from Jurilovca Port <\/strong><\/p>\n<p class=\"brz-fsft-lg-0 brz-fwdth-lg-100 brz-vfw-lg-400 brz-lh-lg-1_4 brz-ls-lg-m_0_2 brz-fw-lg-400 brz-fss-lg-px brz-fs-lg-14 brz-ft-google brz-ff-poppins brz-tp-lg-empty brz-text-lg-justify brz-css-v3KdA\" data-generated-css=\"brz-css-hf8Tc\" data-uniq-id=\"zt0h2\"><strong class=\"brz-cp-color7\">Free parking in the resort\u2019s private parking area <\/strong><\/p>\n<p class=\"brz-fsft-lg-0 brz-fwdth-lg-100 brz-vfw-lg-400 brz-lh-lg-1_4 brz-ls-lg-m_0_2 brz-fw-lg-400 brz-fss-lg-px brz-fs-lg-14 brz-ft-google brz-ff-poppins brz-tp-lg-empty brz-text-lg-justify brz-css-ybxZJ\" data-generated-css=\"brz-css-eWB6V\" data-uniq-id=\"wY0IW\"><\/p>\n<p class=\"brz-fsft-lg-0 brz-fwdth-lg-100 brz-vfw-lg-400 brz-lh-lg-1_4 brz-ls-lg-m_0_2 brz-fw-lg-400 brz-fss-lg-px brz-fs-lg-14 brz-ft-google brz-ff-poppins brz-tp-lg-empty brz-text-lg-justify brz-css-jyMor\" data-generated-css=\"brz-css-iAPxX\" data-uniq-id=\"dcWb5\"><strong class=\"brz-cp-color7\">Entertainment program:<\/strong><\/p>\n<p class=\"brz-fsft-lg-0 brz-fwdth-lg-100 brz-vfw-lg-400 brz-lh-lg-1_4 brz-ls-lg-m_0_2 brz-fw-lg-400 brz-fss-lg-px brz-fs-lg-14 brz-ft-google brz-ff-poppins brz-tp-lg-empty brz-text-lg-justify brz-css-ejy9A\" data-generated-css=\"brz-css-vRcxh\" data-uniq-id=\"yBb6P\"><strong class=\"brz-cp-color7\">Vineri 15 Mai<\/strong><span class=\"brz-cp-color7\"> &#8211; Pavel Stratan <\/span><\/p>\n<p class=\"brz-fsft-lg-0 brz-fwdth-lg-100 brz-vfw-lg-400 brz-lh-lg-1_4 brz-ls-lg-m_0_2 brz-fw-lg-400 brz-fss-lg-px brz-fs-lg-14 brz-ft-google brz-ff-poppins brz-tp-lg-empty brz-text-lg-justify brz-css-wEQjw\" data-generated-css=\"brz-css-vRcxh\" data-uniq-id=\"yBb6P\"><strong class=\"brz-cp-color7\">S\u00e2mb\u0103t\u0103 16 Mai<\/strong><span class=\"brz-cp-color7\"> &#8211; Corul Lipovenesc <\/span><\/p>\n<p class=\"brz-fsft-lg-0 brz-fwdth-lg-100 brz-vfw-lg-400 brz-lh-lg-1_4 brz-ls-lg-m_0_2 brz-fw-lg-400 brz-fss-lg-px brz-fs-lg-14 brz-ft-google brz-ff-poppins brz-tp-lg-empty brz-text-lg-justify brz-css-xjGO1\" data-generated-css=\"brz-css-yjm5G\" data-uniq-id=\"wZnZN\"><\/p>\n<p class=\"brz-fsft-lg-0 brz-fwdth-lg-100 brz-vfw-lg-400 brz-lh-lg-1_4 brz-ls-lg-m_0_2 brz-fw-lg-400 brz-fss-lg-px brz-fs-lg-14 brz-ft-google brz-ff-poppins brz-tp-lg-empty brz-text-lg-justify brz-css-rTWFH\" data-generated-css=\"brz-css-dC22L\" data-uniq-id=\"mtVq7\"><strong class=\"brz-cp-color7\">Optional: <\/strong><span class=\"brz-cp-color7\">boat trip on the Razelm\u2013Sinoe Lagoon<\/span><\/p>\n<p class=\"brz-fsft-lg-0 brz-fwdth-lg-100 brz-vfw-lg-400 brz-lh-lg-1_4 brz-ls-lg-m_0_2 brz-fw-lg-400 brz-fss-lg-px brz-fs-lg-14 brz-ft-google brz-ff-poppins brz-tp-lg-empty brz-text-lg-justify brz-css-tWIjS\" data-generated-css=\"brz-css-eZ3Bv\" data-uniq-id=\"ideZz\"><span class=\"brz-cp-color7\">Option 1 \u2013 Cape Dolo\u0219man, the only rocky cliff on the Romanian coast \u2013 RON 150\/person<\/span><\/p>\n<p class=\"brz-fsft-lg-0 brz-fwdth-lg-100 brz-vfw-lg-400 brz-lh-lg-1_4 brz-ls-lg-m_0_2 brz-fw-lg-400 brz-fss-lg-px brz-fs-lg-14 brz-ft-google brz-ff-poppins brz-tp-lg-empty brz-text-lg-justify brz-css-sYbIo\" data-generated-css=\"brz-css-jQbPL\" data-uniq-id=\"gufZ1\"><span class=\"brz-cp-color7\">Option 2 \u2013 Ceaplace Island, home to the largest colony of Dalmatian pelicans in the Delta \u2013 RON 150\/person<\/span><\/p>\n<\/div>\n<\/div>\n<\/div>\n<div class=\"brz-wrapper-clone brz-flex-xs-wrap brz-css-6cuh3g brz-css-1i3bggy\" data-brz-custom-id=\"txT9LNFCfL66\"><a class=\"brz-a brz-btn brz-css-la6z9r brz-css-52ryzh brz-css-8uytr9 brz-css-1iuykei\" href=\"https:\/\/www.secure-hotel-booking.com\/d-edge\/redirect\/JL2C\/ro-RO\/RoomSelection?arrivalDate=2026-04-30&amp;departureDate=2026-05-01&amp;promoCode=&amp;selectedAdultCount=2&amp;currency=RON\" target=\"_self\" rel=\"noopener\" data-brz-link-type=\"external\" data-brz-custom-id=\"ekFQ0SUghRMW\"><span data-brz-translate-text=\"1\" class=\"brz-span brz-text__editor\">BOOK NOW<\/span><\/a><\/div>\n<\/div>\n<\/div>\n<\/div>\n<\/div>\n<\/div>\n<\/div>\n<\/div>\n<\/div>\n<\/div>\n<\/div>\n<\/section>\n<\/div>\n<p>    <!-- version:1778159222 --><\/p>","protected":false},"excerpt":{"rendered":"<p>OFERTELE NOASTRE Un Mai Special Un weekend MAI SPECIAL cu o sear\u0103 al\u0103turi de Pavel Stratan Natur\u0103, gastronomie rafinat\u0103 \u0219i [&hellip;]<\/p>","protected":false},"author":1,"featured_media":2195,"parent":257,"menu_order":0,"comment_status":"closed","ping_status":"closed","template":"brizy-blank-template.php","meta":{"site-sidebar-layout":"default","site-content-layout":"","ast-site-content-layout":"default","site-content-style":"default","site-sidebar-style":"default","ast-global-header-display":"","ast-banner-title-visibility":"","ast-main-header-display":"","ast-hfb-above-header-display":"","ast-hfb-below-header-display":"","ast-hfb-mobile-header-display":"","site-post-title":"","ast-breadcrumbs-content":"","ast-featured-img":"","footer-sml-layout":"","theme-transparent-header-meta":"default","adv-header-id-meta":"","stick-header-meta":"","header-above-stick-meta":"","header-main-stick-meta":"","header-below-stick-meta":"","astra-migrate-meta-layouts":"set","ast-page-background-enabled":"default","ast-page-background-meta":{"desktop":{"background-color":"var(--ast-global-color-5)","background-image":"","background-repeat":"repeat","background-position":"center center","background-size":"auto","background-attachment":"scroll","background-type":"","background-media":"","overlay-type":"","overlay-color":"","overlay-opacity":"","overlay-gradient":""},"tablet":{"background-color":"","background-image":"","background-repeat":"repeat","background-position":"center center","background-size":"auto","background-attachment":"scroll","background-type":"","background-media":"","overlay-type":"","overlay-color":"","overlay-opacity":"","overlay-gradient":""},"mobile":{"background-color":"","background-image":"","background-repeat":"repeat","background-position":"center center","background-size":"auto","background-attachment":"scroll","background-type":"","background-media":"","overlay-type":"","overlay-color":"","overlay-opacity":"","overlay-gradient":""}},"ast-content-background-meta":{"desktop":{"background-color":"var(--ast-global-color-4)","background-image":"","background-repeat":"repeat","background-position":"center center","background-size":"auto","background-attachment":"scroll","background-type":"","background-media":"","overlay-type":"","overlay-color":"","overlay-opacity":"","overlay-gradient":""},"tablet":{"background-color":"var(--ast-global-color-4)","background-image":"","background-repeat":"repeat","background-position":"center center","background-size":"auto","background-attachment":"scroll","background-type":"","background-media":"","overlay-type":"","overlay-color":"","overlay-opacity":"","overlay-gradient":""},"mobile":{"background-color":"var(--ast-global-color-4)","background-image":"","background-repeat":"repeat","background-position":"center center","background-size":"auto","background-attachment":"scroll","background-type":"","background-media":"","overlay-type":"","overlay-color":"","overlay-opacity":"","overlay-gradient":""}},"footnotes":""},"class_list":["post-2297","page","type-page","status-publish","has-post-thumbnail","hentry"],"yoast_head":"<!-- This site is optimized with the Yoast SEO plugin v25.4 - https:\/\/yoast.com\/wordpress\/plugins\/seo\/ -->\n<title>Oferta de weekend cu Pavel Stratan - Gura Portitei<\/title>\n<meta name=\"robots\" content=\"index, follow, max-snippet:-1, max-image-preview:large, max-video-preview:-1\" \/>\n<link rel=\"canonical\" href=\"https:\/\/guraportitei.ro\/en\/oferte-speciale\/weekend_special_cu_pavel_stratan\/\" \/>\n<meta property=\"og:locale\" content=\"en_US\" \/>\n<meta property=\"og:type\" content=\"article\" \/>\n<meta property=\"og:title\" content=\"Oferta de weekend cu Pavel Stratan - Gura Portitei\" \/>\n<meta property=\"og:description\" content=\"OFERTELE NOASTRE Un Mai Special Un weekend MAI SPECIAL cu o sear\u0103 al\u0103turi de Pavel Stratan Natur\u0103, gastronomie rafinat\u0103 \u0219i [&hellip;]\" \/>\n<meta property=\"og:url\" content=\"https:\/\/guraportitei.ro\/en\/oferte-speciale\/weekend_special_cu_pavel_stratan\/\" \/>\n<meta property=\"og:site_name\" content=\"Gura Portitei\" \/>\n<meta property=\"article:modified_time\" content=\"2026-05-07T13:07:03+00:00\" \/>\n<meta property=\"og:image\" content=\"https:\/\/guraportitei.ro\/wp-content\/uploads\/2025\/08\/3000-x-2000-RESIZE-6-scaled.jpg\" \/>\n\t<meta property=\"og:image:width\" content=\"2560\" \/>\n\t<meta property=\"og:image:height\" content=\"1707\" \/>\n\t<meta property=\"og:image:type\" content=\"image\/jpeg\" \/>\n<meta name=\"twitter:card\" content=\"summary_large_image\" \/>\n<meta name=\"twitter:label1\" content=\"Est. reading time\" \/>\n\t<meta name=\"twitter:data1\" content=\"2 minutes\" \/>\n<script type=\"application\/ld+json\" class=\"yoast-schema-graph\">{\"@context\":\"https:\/\/schema.org\",\"@graph\":[{\"@type\":\"WebPage\",\"@id\":\"https:\/\/guraportitei.ro\/oferte-speciale\/weekend_special_cu_pavel_stratan\/\",\"url\":\"https:\/\/guraportitei.ro\/oferte-speciale\/weekend_special_cu_pavel_stratan\/\",\"name\":\"Oferta de weekend cu Pavel Stratan - Gura Portitei\",\"isPartOf\":{\"@id\":\"https:\/\/guraportitei.ro\/#website\"},\"primaryImageOfPage\":{\"@id\":\"https:\/\/guraportitei.ro\/oferte-speciale\/weekend_special_cu_pavel_stratan\/#primaryimage\"},\"image\":{\"@id\":\"https:\/\/guraportitei.ro\/oferte-speciale\/weekend_special_cu_pavel_stratan\/#primaryimage\"},\"thumbnailUrl\":\"https:\/\/guraportitei.ro\/wp-content\/uploads\/2026\/03\/Cover-oferta-1-3-mai-v3.jpg\",\"datePublished\":\"2026-04-29T05:25:31+00:00\",\"dateModified\":\"2026-05-07T13:07:03+00:00\",\"breadcrumb\":{\"@id\":\"https:\/\/guraportitei.ro\/oferte-speciale\/weekend_special_cu_pavel_stratan\/#breadcrumb\"},\"inLanguage\":\"en-US\",\"potentialAction\":[{\"@type\":\"ReadAction\",\"target\":[\"https:\/\/guraportitei.ro\/oferte-speciale\/weekend_special_cu_pavel_stratan\/\"]}]},{\"@type\":\"ImageObject\",\"inLanguage\":\"en-US\",\"@id\":\"https:\/\/guraportitei.ro\/oferte-speciale\/weekend_special_cu_pavel_stratan\/#primaryimage\",\"url\":\"https:\/\/guraportitei.ro\/wp-content\/uploads\/2026\/03\/Cover-oferta-1-3-mai-v3.jpg\",\"contentUrl\":\"https:\/\/guraportitei.ro\/wp-content\/uploads\/2026\/03\/Cover-oferta-1-3-mai-v3.jpg\",\"width\":1536,\"height\":715},{\"@type\":\"BreadcrumbList\",\"@id\":\"https:\/\/guraportitei.ro\/oferte-speciale\/weekend_special_cu_pavel_stratan\/#breadcrumb\",\"itemListElement\":[{\"@type\":\"ListItem\",\"position\":1,\"name\":\"Home\",\"item\":\"https:\/\/guraportitei.ro\/\"},{\"@type\":\"ListItem\",\"position\":2,\"name\":\"Oferte speciale\",\"item\":\"https:\/\/guraportitei.ro\/oferte-speciale\/\"},{\"@type\":\"ListItem\",\"position\":3,\"name\":\"Oferta de weekend cu Pavel Stratan\"}]},{\"@type\":\"WebSite\",\"@id\":\"https:\/\/guraportitei.ro\/#website\",\"url\":\"https:\/\/guraportitei.ro\/\",\"name\":\"Gura Portitei\",\"description\":\"\",\"potentialAction\":[{\"@type\":\"SearchAction\",\"target\":{\"@type\":\"EntryPoint\",\"urlTemplate\":\"https:\/\/guraportitei.ro\/?s={search_term_string}\"},\"query-input\":{\"@type\":\"PropertyValueSpecification\",\"valueRequired\":true,\"valueName\":\"search_term_string\"}}],\"inLanguage\":\"en-US\"}]}<\/script>\n<!-- \/ Yoast SEO plugin. -->","yoast_head_json":{"title":"Oferta de weekend cu Pavel Stratan - Gura Portitei","robots":{"index":"index","follow":"follow","max-snippet":"max-snippet:-1","max-image-preview":"max-image-preview:large","max-video-preview":"max-video-preview:-1"},"canonical":"https:\/\/guraportitei.ro\/en\/oferte-speciale\/weekend_special_cu_pavel_stratan\/","og_locale":"en_US","og_type":"article","og_title":"Oferta de weekend cu Pavel Stratan - Gura Portitei","og_description":"OFERTELE NOASTRE Un Mai Special Un weekend MAI SPECIAL cu o sear\u0103 al\u0103turi de Pavel Stratan Natur\u0103, gastronomie rafinat\u0103 \u0219i [&hellip;]","og_url":"https:\/\/guraportitei.ro\/en\/oferte-speciale\/weekend_special_cu_pavel_stratan\/","og_site_name":"Gura Portitei","article_modified_time":"2026-05-07T13:07:03+00:00","og_image":[{"width":2560,"height":1707,"url":"https:\/\/guraportitei.ro\/wp-content\/uploads\/2025\/08\/3000-x-2000-RESIZE-6-scaled.jpg","type":"image\/jpeg"}],"twitter_card":"summary_large_image","twitter_misc":{"Est. reading time":"2 minutes"},"schema":{"@context":"https:\/\/schema.org","@graph":[{"@type":"WebPage","@id":"https:\/\/guraportitei.ro\/oferte-speciale\/weekend_special_cu_pavel_stratan\/","url":"https:\/\/guraportitei.ro\/oferte-speciale\/weekend_special_cu_pavel_stratan\/","name":"Oferta de weekend cu Pavel Stratan - Gura Portitei","isPartOf":{"@id":"https:\/\/guraportitei.ro\/#website"},"primaryImageOfPage":{"@id":"https:\/\/guraportitei.ro\/oferte-speciale\/weekend_special_cu_pavel_stratan\/#primaryimage"},"image":{"@id":"https:\/\/guraportitei.ro\/oferte-speciale\/weekend_special_cu_pavel_stratan\/#primaryimage"},"thumbnailUrl":"https:\/\/guraportitei.ro\/wp-content\/uploads\/2026\/03\/Cover-oferta-1-3-mai-v3.jpg","datePublished":"2026-04-29T05:25:31+00:00","dateModified":"2026-05-07T13:07:03+00:00","breadcrumb":{"@id":"https:\/\/guraportitei.ro\/oferte-speciale\/weekend_special_cu_pavel_stratan\/#breadcrumb"},"inLanguage":"en-US","potentialAction":[{"@type":"ReadAction","target":["https:\/\/guraportitei.ro\/oferte-speciale\/weekend_special_cu_pavel_stratan\/"]}]},{"@type":"ImageObject","inLanguage":"en-US","@id":"https:\/\/guraportitei.ro\/oferte-speciale\/weekend_special_cu_pavel_stratan\/#primaryimage","url":"https:\/\/guraportitei.ro\/wp-content\/uploads\/2026\/03\/Cover-oferta-1-3-mai-v3.jpg","contentUrl":"https:\/\/guraportitei.ro\/wp-content\/uploads\/2026\/03\/Cover-oferta-1-3-mai-v3.jpg","width":1536,"height":715},{"@type":"BreadcrumbList","@id":"https:\/\/guraportitei.ro\/oferte-speciale\/weekend_special_cu_pavel_stratan\/#breadcrumb","itemListElement":[{"@type":"ListItem","position":1,"name":"Home","item":"https:\/\/guraportitei.ro\/"},{"@type":"ListItem","position":2,"name":"Oferte speciale","item":"https:\/\/guraportitei.ro\/oferte-speciale\/"},{"@type":"ListItem","position":3,"name":"Oferta de weekend cu Pavel Stratan"}]},{"@type":"WebSite","@id":"https:\/\/guraportitei.ro\/#website","url":"https:\/\/guraportitei.ro\/","name":"Gura Portitei","description":"","potentialAction":[{"@type":"SearchAction","target":{"@type":"EntryPoint","urlTemplate":"https:\/\/guraportitei.ro\/?s={search_term_string}"},"query-input":{"@type":"PropertyValueSpecification","valueRequired":true,"valueName":"search_term_string"}}],"inLanguage":"en-US"}]}},"_links":{"self":[{"href":"https:\/\/guraportitei.ro\/en\/wp-json\/wp\/v2\/pages\/2297","targetHints":{"allow":["GET"]}}],"collection":[{"href":"https:\/\/guraportitei.ro\/en\/wp-json\/wp\/v2\/pages"}],"about":[{"href":"https:\/\/guraportitei.ro\/en\/wp-json\/wp\/v2\/types\/page"}],"author":[{"embeddable":true,"href":"https:\/\/guraportitei.ro\/en\/wp-json\/wp\/v2\/users\/1"}],"replies":[{"embeddable":true,"href":"https:\/\/guraportitei.ro\/en\/wp-json\/wp\/v2\/comments?post=2297"}],"version-history":[{"count":8,"href":"https:\/\/guraportitei.ro\/en\/wp-json\/wp\/v2\/pages\/2297\/revisions"}],"predecessor-version":[{"id":2416,"href":"https:\/\/guraportitei.ro\/en\/wp-json\/wp\/v2\/pages\/2297\/revisions\/2416"}],"up":[{"embeddable":true,"href":"https:\/\/guraportitei.ro\/en\/wp-json\/wp\/v2\/pages\/257"}],"wp:featuredmedia":[{"embeddable":true,"href":"https:\/\/guraportitei.ro\/en\/wp-json\/wp\/v2\/media\/2195"}],"wp:attachment":[{"href":"https:\/\/guraportitei.ro\/en\/wp-json\/wp\/v2\/media?parent=2297"}],"curies":[{"name":"wp","href":"https:\/\/api.w.org\/{rel}","templated":true}]}}