{"id":259,"date":"2025-04-30T13:22:31","date_gmt":"2025-04-30T13:22:31","guid":{"rendered":"https:\/\/guraportitei.ro\/?page_id=259"},"modified":"2026-03-17T09:48:19","modified_gmt":"2026-03-17T09:48:19","slug":"contact","status":"publish","type":"page","link":"https:\/\/guraportitei.ro\/en\/contact\/","title":{"rendered":"Contact"},"content":{"rendered":"<div class=\"brz-root__container brz-reset-all brz brz-root__container-page\">\n<section id=\"0923c6459a4d71751211_f4IdN2sJuZO3\" class=\"brz-section brz-css-90wajp brz-css-a4mngv\">\n<div class=\"brz-section__content brz-section--fullWidth brz-css-11wt74b brz-css-cbr05t\" data-brz-custom-id=\"pPwDkSApENq9\">\n<div class=\"brz-bg\">\n<div class=\"brz-bg-image\"><\/div>\n<div class=\"brz-bg-color\"><\/div>\n<\/div>\n<div class=\"brz-container brz-css-15lvqp2 brz-css-uffhpn\">\n<div class=\"brz-row__container brz-css-5be5g7 brz-css-n4ircx\" data-brz-custom-id=\"lwGNHso8g5ml\">\n<div class=\"brz-row brz-css-fxsabg brz-css-1eewcf6\">\n<div class=\"brz-columns brz-css-1j0x2n7 brz-css-uyoliw\" data-brz-custom-id=\"vPO8Ctg5MKel\">\n<div class=\"brz-column__items brz-css-1lv10au brz-css-57zyp4\">\n<div id=\"\" class=\"brz-css-1ge79my brz-css-uxso75 brz-wrapper\">\n<div class=\"brz-rich-text brz-rich-text__custom brz-css-qistpz brz-css-11mw0ke\" data-brz-custom-id=\"hHcxSUtlR88P\">\n<div data-brz-translate-text=\"1\">\n<h1 class=\"brz-tp-lg-heading1 brz-text-lg-center brz-ff-playfair_display brz-ft-google brz-fs-lg-108 brz-fss-lg-px brz-fw-lg-700 brz-ls-lg-m_1_5 brz-lh-lg-1_3 brz-vfw-lg-400 brz-fwdth-lg-100 brz-fsft-lg-0 brz-css-n1WPr\" data-generated-css=\"brz-css-kb5ki\" data-uniq-id=\"gtSKy\"><span style=\"color: rgba(var(--brz-global-color3),1);\" class=\"brz-cp-color3\">CONTACT<\/span><\/h1>\n<\/div>\n<\/div>\n<\/div>\n<\/div>\n<\/div>\n<\/div>\n<\/div>\n<\/div>\n<\/div>\n<\/section>\n<section id=\"7f83d59a4dd7a095a9c7_yeMwRk1OGdYk\" class=\"brz-section brz-css-90wajp brz-css-1w9isku\">\n<div class=\"brz-section__content brz-section--boxed brz-css-11wt74b brz-css-robzb2\" data-brz-custom-id=\"p9BBev19XRFZ\">\n<div class=\"brz-bg\">\n<div class=\"brz-bg-color\"><\/div>\n<\/div>\n<div class=\"brz-container brz-css-15lvqp2 brz-css-wcvqc1\">\n<div class=\"brz-row__container brz-css-5be5g7 brz-css-1k4zrai\" data-brz-custom-id=\"vd9XyNU81yz5\">\n<div class=\"brz-row brz-css-fxsabg brz-css-yu9eox\">\n<div class=\"brz-columns brz-css-1j0x2n7 brz-css-1n6laws\" data-brz-custom-id=\"zfIN4kpG6AMw\">\n<div class=\"brz-bg\"><\/div>\n<div class=\"brz-column__items brz-css-1lv10au brz-css-lwu6lj\">\n<div id=\"\" class=\"brz-css-1ge79my brz-css-4509c0 brz-wrapper\">\n<div class=\"brz-rich-text brz-rich-text__custom brz-css-qistpz brz-css-1haev5m\" data-brz-custom-id=\"fT9J_2L7qT9f\">\n<div data-brz-translate-text=\"1\">\n<h2 class=\"brz-tp-lg-heading2 brz-css-gYhZW\" data-uniq-id=\"q4B7q\" data-generated-css=\"brz-css-mHCea\"><span class=\"brz-cp-color1\" style=\"color: rgba(var(--brz-global-color1),1);\">Your next stay is just a touch away<\/span><\/h2>\n<\/div>\n<\/div>\n<\/div>\n<\/div>\n<\/div>\n<div class=\"brz-columns brz-css-1j0x2n7 brz-css-qjh0i2\" data-brz-custom-id=\"vSRSbzVW2nB8\">\n<div class=\"brz-column__items brz-css-1lv10au brz-css-g1vpeq\">\n<div id=\"\" class=\"brz-css-1ge79my brz-css-15aedjh brz-wrapper\">\n<div class=\"brz-rich-text brz-rich-text__custom brz-css-qistpz brz-css-kbh0et\" data-brz-custom-id=\"y2nOvK5hIqHr\">\n<div data-brz-translate-text=\"1\">\n<p class=\"brz-tp-lg-paragraph brz-css-j75WW\" data-uniq-id=\"iyf5I\" data-generated-css=\"brz-css-zqpg_\"><span class=\"brz-cp-color1\" style=\"color: rgba(var(--brz-global-color1),1);\">Whether it's a getaway for two, a small event, or simply a vacation away from the hustle and bustle of everyday life, we're here to provide you with all the details you need.<\/span><\/p>\n<\/div>\n<\/div>\n<\/div>\n<\/div>\n<\/div>\n<\/div>\n<\/div>\n<div class=\"brz-row__container brz-css-5be5g7 brz-css-1d5p2lz\" data-brz-custom-id=\"hB7mJU3jJy8t\">\n<div class=\"brz-row brz-css-fxsabg brz-css-10u021r\">\n<div class=\"brz-columns brz-css-1j0x2n7 brz-css-x9eboa\" data-brz-custom-id=\"gIxviAsvfme4\">\n<div class=\"brz-column__items brz-css-1lv10au brz-css-o5uk9b\">\n<div id=\"\" class=\"brz-css-1ge79my brz-css-1hmloig brz-wrapper\">\n<div data-brz-form-version=\"2\" class=\"brz-forms2 brz-css-tduc7w brz-css-1m2h6rp\" data-brz-custom-id=\"mjHP3vrlzh6U\">\n<form class=\"brz-form brz-d-xs-flex brz-flex-xs-wrap\" novalidate=\"\" action=\"https:\/\/guraportitei.ro\/wp-admin\/admin-ajax.php?nonce=7da8852e33&amp;action=brizy_submit_form\" data-brz-form-id=\"mjHP3vrlzh6U\" data-brz-project-id=\"67c7b2f2657dd3a31c18ae5eb735006e\" data-brz-success=\"\" data-brz-error=\"\" data-brz-redirect=\"\" data-brz-form-type=\"default\" data-brz-translatable-default-success=\"Your email was sent successfully\" data-brz-translatable-default-error=\"Your email was not sent\" data-brz-translatable-default-empty=\"Please check your entry and try again\">\n<div data-brz-translate-text=\"1\" class=\"brz-forms2__item brz-css-zwkdi brz-css-1ks3axt brz-css-mj4dbh brz-css-8s9z3u\"><input type=\"text\" id=\"wmN9zZ16OhR__3377485f2f2280d7cdf5\" name=\"gfUT49lhvOoQ\" placeholder=\"First Name*\" required=\"\" data-brz-type=\"Text\" data-brz-label=\"Prenume*\" data-brz-placeholder=\"Prenume*\" class=\"brz-input brz-forms2__field brz-forms2__field-text\"><\/div>\n<div data-brz-translate-text=\"1\" class=\"brz-forms2__item brz-css-zwkdi brz-css-1ks3axt brz-css-mj4dbh brz-css-11z6yc7\"><input type=\"text\" id=\"vqmTyHYzdlRK_b4299095154dcd4664dc\" name=\"l94HC9vG37UH\" placeholder=\"Name*\" required=\"\" data-brz-type=\"Text\" data-brz-label=\"Nume*\" data-brz-placeholder=\"Nume*\" class=\"brz-input brz-forms2__field brz-forms2__field-text\"><\/div>\n<div data-brz-translate-text=\"1\" class=\"brz-forms2__item brz-css-zwkdi brz-css-1ks3axt brz-css-mj4dbh brz-css-16wd1v5\"><input type=\"text\" id=\"lgbkAXtCa05w_31f19c846a5d82f4cee4\" name=\"qb9I2oN2aOen\" placeholder=\"Phone Number*\" required=\"\" data-brz-type=\"Text\" data-brz-label=\"Telefon*\" data-brz-placeholder=\"Telefon*\" class=\"brz-input brz-forms2__field brz-forms2__field-text\"><\/div>\n<div data-brz-translate-text=\"1\" class=\"brz-forms2__item brz-css-zwkdi brz-css-1ks3axt brz-css-mj4dbh brz-css-1h40tul\"><input type=\"email\" id=\"icVEqFJ8cGNn_073d5df731b76189597b\" name=\"sfbxWq3hBiZJ\" placeholder=\"Email*\" required=\"\" pattern=\"%5E((%5B%5E%3C%3E%5C(%5C)%5C%5B%5C%5D%5C%5C.,;:%5Cs@%22%5D+(%5C.%5B%5E%3C%3E%5C(%5C)%5C%5B%5C%5D%5C%5C.,;:%5Cs@%22%5D+)*)%7C(%22.+%22))@((%5C%5B%5B0-9%5D%7B1,3%7D%5C.%5B0-9%5D%7B1,3%7D%5C.%5B0-9%5D%7B1,3%7D%5C.%5B0-9%5D%7B1,3%7D%5C%5D)%7C((%5Ba-zA-Z%5C-0-9%5D+%5C.)+%5Ba-zA-Z%5D%7B2,%7D))$\" data-brz-type=\"Email\" data-brz-label=\"Email*\" data-brz-placeholder=\"Email*\" maxlength=\"255\" class=\"brz-input brz-forms2__field brz-forms2__field-email\"><\/div>\n<div data-brz-translate-text=\"1\" class=\"brz-forms2__item brz-css-zwkdi brz-css-1ks3axt brz-css-mj4dbh brz-css-btq0wd\"><textarea id=\"hOevfkem8yLz_812ee7fa605ca0164437\" name=\"d2Q7Zn1QW7z0\" placeholder=\"Message*\" required=\"\" data-brz-type=\"Paragraph\" data-brz-label=\"Mesaj*\" data-brz-placeholder=\"Mesaj*\" class=\"brz-textarea brz-forms2__field brz-forms2__field-paragraph\"><\/textarea><\/div>\n<div data-brz-translate-text=\"1\" class=\"brz-forms2__item brz-css-zwkdi brz-css-1ks3axt brz-css-mj4dbh brz-css-11jms56\">\n<div class=\"brz-forms2__field brz-forms2__checkbox\">\n<div class=\"brz-control__check-group brz-forms2__checkbox-options\">\n<div data-brz-translate-text=\"1\" class=\"brz-control__check-group-option brz-forms2__checkbox-option\"><input id=\"l0rxNWfX6XLq\" class=\"brz-input\" type=\"checkbox\" name=\"ayUCh3IHpn5P\" required=\"\" data-brz-type=\"Checkbox\" data-brz-label=\"Message*-1\" value=\"ACCEPT TERMENI \u0218I CONDI\u021aII\"><label class=\"brz-label\" for=\"l0rxNWfX6XLq\"><\/p>\n<div class=\"brz-control__check-group-icon brz-control__check-group--check\"><svg class=\"brz-icon-svg align-[initial] brz-d-block\"><use href=\"\/wp-content\/plugins\/brizy\/public\/editor-build\/prod\/editor\/icons\/editor\/check-square-on.svg#brz_icon\"><\/use><\/svg><\/div>\n<div class=\"brz-control__check-group-icon brz-control__check-group--uncheck\"><svg class=\"brz-icon-svg align-[initial] brz-d-block\"><use href=\"\/wp-content\/plugins\/brizy\/public\/editor-build\/prod\/editor\/icons\/editor\/check-square-off.svg#brz_icon\"><\/use><\/svg><\/div>\n<p><span class=\"brz-forms2__checkbox-option-name brz-span\">I ACCEPT THE TERMS AND CONDITIONS<\/span><\/label><\/div>\n<\/div>\n<\/div>\n<\/div>\n<div class=\"brz-forms2 brz-forms2__item brz-forms2__item-button\" data-brz-custom-id=\"mjHP3vrlzh6U\"><button class=\"brz-btn brz-btn-submit brz-css-twsb8s brz-css-vmmb6w\" data-brz-custom-id=\"vhAYZnJ3DQAy\"><svg class=\"brz-icon-svg align-[initial] brz-css-3etwab brz-css-1xboh33\"><use href=\"\/wp-content\/plugins\/brizy\/public\/editor-build\/prod\/editor\/icons\/glyph\/tail-right.svg#nc_icon\"><\/use><\/svg><span data-brz-translate-text=\"1\" class=\"brz-span brz-text__editor\">SEND<\/span><\/button><svg class=\"brz-icon-svg align-[initial] brz-form-spinner brz-invisible brz-ed-animated--spin\"><use href=\"\/wp-content\/plugins\/brizy\/public\/editor-build\/prod\/editor\/icons\/glyph\/circle-02.svg#nc_icon\"><\/use><\/svg><\/div>\n<div class=\"brz-g-recaptcha\" data-sitekey=\"\" data-size=\"invisible\" data-callback=\"brzFormV2Captcha\"><\/div>\n<\/form>\n<\/div>\n<\/div>\n<div id=\"\" class=\"brz-css-1ge79my brz-css-1ax60es brz-wrapper\">\n<div class=\"brz-rich-text brz-rich-text__custom brz-css-qistpz brz-css-1knvu5e\" data-brz-custom-id=\"v46_QCaQ9ogT\">\n<div data-brz-translate-text=\"1\">\n<p class=\"brz-tp-lg-paragraph brz-css-golkw\" data-uniq-id=\"lMSUp\" data-generated-css=\"brz-css-vV4cZ\"><span style=\"color: rgba(var(--brz-global-color1),1);\" class=\"brz-cp-color1\">TERMS AND CONDITIONS<\/span><\/p>\n<\/div>\n<\/div>\n<\/div>\n<\/div>\n<\/div>\n<div class=\"brz-columns brz-css-1j0x2n7 brz-css-bjo75z\" data-brz-custom-id=\"v1MaKzsmHacS\">\n<div class=\"brz-column__items brz-css-1lv10au brz-css-mvugtk\">\n<div id=\"\" class=\"brz-css-1ge79my brz-css-159mr7n brz-wrapper\">\n<div class=\"brz-rich-text brz-rich-text__custom brz-css-qistpz brz-css-iium5h\" data-brz-custom-id=\"ibptnKsKOraI\">\n<div data-brz-translate-text=\"1\">\n<p class=\"brz-tp-lg-paragraph brz-css-p5WyA\" data-generated-css=\"brz-css-kxgQX\" data-uniq-id=\"xE4fm\"><strong style=\"color: rgba(var(--brz-global-color1),1);\" class=\"brz-cp-color1\">Gura Portitei Resort<\/strong><\/p>\n<p class=\"brz-tp-lg-paragraph brz-css-wqkUQ\" data-generated-css=\"brz-css-b6jMO\" data-uniq-id=\"jiMa7\"><\/p>\n<p class=\"brz-tp-lg-paragraph brz-css-yqZwf\" data-generated-css=\"brz-css-xfuDj\" data-uniq-id=\"noq9K\"><strong style=\"color: rgba(var(--brz-global-color1),1);\" class=\"brz-cp-color1\">Sat Jurilovca, Jud Tulcea, Romania<\/strong><\/p>\n<p class=\"brz-tp-lg-paragraph brz-css-ga5hI\" data-generated-css=\"brz-css-dgfDR\" data-uniq-id=\"a_VZ9\"><strong style=\"color: rgba(var(--brz-global-color1),1);\" class=\"brz-cp-color1\">E:<\/strong><span class=\"brz-cp-color1\" style=\"color: rgba(var(--brz-global-color1),1);\"> rezervari@guraportitei.ro<\/span><\/p>\n<p class=\"brz-tp-lg-paragraph brz-css-rCehi\" data-generated-css=\"brz-css-r0Iig\" data-uniq-id=\"hofZD\"><strong style=\"color: rgba(var(--brz-global-color1),1);\" class=\"brz-cp-color1\">T:<\/strong><span class=\"brz-cp-color1\" style=\"color: rgba(var(--brz-global-color1),1);\"> +40 371 230 865<\/span><\/p>\n<p class=\"brz-tp-lg-paragraph brz-css-bx5Dt\" data-generated-css=\"brz-css-xMb0q\" data-uniq-id=\"cTvvJ\"><\/p>\n<p class=\"brz-tp-lg-paragraph brz-css-xAa6m\" data-generated-css=\"brz-css-ncUYt\" data-uniq-id=\"awgDD\"><span style=\"color: rgba(var(--brz-global-color1),1);\" class=\"brz-cp-color1\"> <\/span><\/p>\n<p class=\"brz-tp-lg-paragraph brz-css-yJM5q\" data-generated-css=\"brz-css-ga5Z8\" data-uniq-id=\"c1Bh1\"><span style=\"color: rgba(var(--brz-global-color1),1);\" class=\"brz-cp-color1\"> <\/span><\/p>\n<p class=\"brz-tp-lg-paragraph brz-css-vah8Z\" data-generated-css=\"brz-css-utdKn\" data-uniq-id=\"jigx3\"><span style=\"color: rgba(var(--brz-global-color1),1);\" class=\"brz-cp-color1\"> <\/span><\/p>\n<p class=\"brz-tp-lg-paragraph brz-css-bln1G\" data-generated-css=\"brz-css-lUtna\" data-uniq-id=\"yPkJU\"><span style=\"color: rgba(var(--brz-global-color1),1);\" class=\"brz-cp-color1\"> <\/span><\/p>\n<p class=\"brz-tp-lg-paragraph brz-css-c937V\" data-generated-css=\"brz-css-j1xN2\" data-uniq-id=\"hdE7B\"><span style=\"color: rgba(var(--brz-global-color1),1);\" class=\"brz-cp-color1\"> <\/span><\/p>\n<p class=\"brz-tp-lg-paragraph brz-css-f48Ah\" data-generated-css=\"brz-css-kVyj4\" data-uniq-id=\"lfu8e\"><span style=\"color: rgba(var(--brz-global-color1),1);\" class=\"brz-cp-color1\"> <\/span><\/p>\n<p class=\"brz-tp-lg-paragraph brz-css-cgooj\" data-generated-css=\"brz-css-ckSBa\" data-uniq-id=\"z0Tx2\"><span style=\"color: rgba(var(--brz-global-color1),1);\" class=\"brz-cp-color1\"> <\/span><\/p>\n<p class=\"brz-tp-lg-paragraph brz-css-ugX3i\" data-generated-css=\"brz-css-xYvjR\" data-uniq-id=\"ihaMS\"><span style=\"color: rgba(var(--brz-global-color1),1);\" class=\"brz-cp-color1\"> <\/span><\/p>\n<p class=\"brz-fsft-lg-0 brz-fwdth-lg-100 brz-vfw-lg-400 brz-lh-lg-1_8 brz-ls-lg-0 brz-fw-lg-400 brz-fss-lg-px brz-fs-lg-12 brz-ft-google brz-ff-poppins brz-tp-lg-empty brz-css-hyV4z\" data-generated-css=\"brz-css-sJc1z\" data-uniq-id=\"c7jTp\"><span style=\"color: rgba(var(--brz-global-color1),1);\" class=\"brz-cp-color1\">Gura Porti\u021bei Resort is a tourist unit operated in accordance with the legal regulations applicable in Romania. All services offered are authorized by the competent authorities, and the accommodation units are classified according to the norms established by law. <\/span><\/p>\n<\/div>\n<\/div>\n<\/div>\n<\/div>\n<\/div>\n<\/div>\n<\/div>\n<div id=\"\" class=\"brz-css-1ge79my brz-css-1qm218 brz-wrapper\">\n<div class=\"brz-map brz-map_styles brz-css-bu77c4\" data-brz-custom-id=\"qrb_iICMPzJA\">\n<div class=\"brz-ui-ed-map-content\"><iframe class=\"intrinsic-ignore brz-ui-ed-iframe\" src=\"https:\/\/www.google.com\/maps\/embed\/v1\/place?key=AIzaSyCcywKcxXeMZiMwLDcLgyEnNglcLOyB_qw&amp;q=Gura Portitei Hotel&amp;zoom=14\" title=\"map\"><\/iframe><\/div>\n<\/div>\n<\/div>\n<\/div>\n<\/div>\n<\/section>\n<\/div>\n<p>    <!-- version:1773740899 --><\/p>","protected":false},"excerpt":{"rendered":"<p>CONTACT Urm\u0103torul t\u0103u sejur la un contact distan\u021b\u0103 Fie c\u0103 e vorba de o escapad\u0103 \u00een doi, un eveniment restr\u00e2ns [&hellip;]<\/p>","protected":false},"author":1,"featured_media":0,"parent":0,"menu_order":0,"comment_status":"closed","ping_status":"closed","template":"brizy-blank-template.php","meta":{"site-sidebar-layout":"default","site-content-layout":"","ast-site-content-layout":"default","site-content-style":"default","site-sidebar-style":"default","ast-global-header-display":"","ast-banner-title-visibility":"","ast-main-header-display":"","ast-hfb-above-header-display":"","ast-hfb-below-header-display":"","ast-hfb-mobile-header-display":"","site-post-title":"","ast-breadcrumbs-content":"","ast-featured-img":"","footer-sml-layout":"","theme-transparent-header-meta":"default","adv-header-id-meta":"","stick-header-meta":"","header-above-stick-meta":"","header-main-stick-meta":"","header-below-stick-meta":"","astra-migrate-meta-layouts":"set","ast-page-background-enabled":"default","ast-page-background-meta":{"desktop":{"background-color":"var(--ast-global-color-5)","background-image":"","background-repeat":"repeat","background-position":"center center","background-size":"auto","background-attachment":"scroll","background-type":"","background-media":"","overlay-type":"","overlay-color":"","overlay-opacity":"","overlay-gradient":""},"tablet":{"background-color":"","background-image":"","background-repeat":"repeat","background-position":"center center","background-size":"auto","background-attachment":"scroll","background-type":"","background-media":"","overlay-type":"","overlay-color":"","overlay-opacity":"","overlay-gradient":""},"mobile":{"background-color":"","background-image":"","background-repeat":"repeat","background-position":"center center","background-size":"auto","background-attachment":"scroll","background-type":"","background-media":"","overlay-type":"","overlay-color":"","overlay-opacity":"","overlay-gradient":""}},"ast-content-background-meta":{"desktop":{"background-color":"var(--ast-global-color-4)","background-image":"","background-repeat":"repeat","background-position":"center center","background-size":"auto","background-attachment":"scroll","background-type":"","background-media":"","overlay-type":"","overlay-color":"","overlay-opacity":"","overlay-gradient":""},"tablet":{"background-color":"var(--ast-global-color-4)","background-image":"","background-repeat":"repeat","background-position":"center center","background-size":"auto","background-attachment":"scroll","background-type":"","background-media":"","overlay-type":"","overlay-color":"","overlay-opacity":"","overlay-gradient":""},"mobile":{"background-color":"var(--ast-global-color-4)","background-image":"","background-repeat":"repeat","background-position":"center center","background-size":"auto","background-attachment":"scroll","background-type":"","background-media":"","overlay-type":"","overlay-color":"","overlay-opacity":"","overlay-gradient":""}},"footnotes":""},"class_list":["post-259","page","type-page","status-publish","hentry"],"yoast_head":"<!-- This site is optimized with the Yoast SEO plugin v25.4 - https:\/\/yoast.com\/wordpress\/plugins\/seo\/ -->\n<title>Contact - Gura Portitei<\/title>\n<meta name=\"robots\" content=\"index, follow, max-snippet:-1, max-image-preview:large, max-video-preview:-1\" \/>\n<link rel=\"canonical\" href=\"https:\/\/guraportitei.ro\/en\/contact\/\" \/>\n<meta property=\"og:locale\" content=\"en_US\" \/>\n<meta property=\"og:type\" content=\"article\" \/>\n<meta property=\"og:title\" content=\"Contact - Gura Portitei\" \/>\n<meta property=\"og:description\" content=\"CONTACT Urm\u0103torul t\u0103u sejur la un contact distan\u021b\u0103 Fie c\u0103 e vorba de o escapad\u0103 \u00een doi, un eveniment restr\u00e2ns [&hellip;]\" \/>\n<meta property=\"og:url\" content=\"https:\/\/guraportitei.ro\/en\/contact\/\" \/>\n<meta property=\"og:site_name\" content=\"Gura Portitei\" \/>\n<meta property=\"article:modified_time\" content=\"2026-03-17T09:48:19+00:00\" \/>\n<meta name=\"twitter:card\" content=\"summary_large_image\" \/>\n<meta name=\"twitter:label1\" content=\"Est. reading time\" \/>\n\t<meta name=\"twitter:data1\" content=\"1 minute\" \/>\n<script type=\"application\/ld+json\" class=\"yoast-schema-graph\">{\"@context\":\"https:\/\/schema.org\",\"@graph\":[{\"@type\":\"WebPage\",\"@id\":\"https:\/\/guraportitei.ro\/contact\/\",\"url\":\"https:\/\/guraportitei.ro\/contact\/\",\"name\":\"Contact - Gura Portitei\",\"isPartOf\":{\"@id\":\"https:\/\/guraportitei.ro\/#website\"},\"datePublished\":\"2025-04-30T13:22:31+00:00\",\"dateModified\":\"2026-03-17T09:48:19+00:00\",\"breadcrumb\":{\"@id\":\"https:\/\/guraportitei.ro\/contact\/#breadcrumb\"},\"inLanguage\":\"en-US\",\"potentialAction\":[{\"@type\":\"ReadAction\",\"target\":[\"https:\/\/guraportitei.ro\/contact\/\"]}]},{\"@type\":\"BreadcrumbList\",\"@id\":\"https:\/\/guraportitei.ro\/contact\/#breadcrumb\",\"itemListElement\":[{\"@type\":\"ListItem\",\"position\":1,\"name\":\"Home\",\"item\":\"https:\/\/guraportitei.ro\/\"},{\"@type\":\"ListItem\",\"position\":2,\"name\":\"Contact\"}]},{\"@type\":\"WebSite\",\"@id\":\"https:\/\/guraportitei.ro\/#website\",\"url\":\"https:\/\/guraportitei.ro\/\",\"name\":\"Gura Portitei\",\"description\":\"\",\"potentialAction\":[{\"@type\":\"SearchAction\",\"target\":{\"@type\":\"EntryPoint\",\"urlTemplate\":\"https:\/\/guraportitei.ro\/?s={search_term_string}\"},\"query-input\":{\"@type\":\"PropertyValueSpecification\",\"valueRequired\":true,\"valueName\":\"search_term_string\"}}],\"inLanguage\":\"en-US\"}]}<\/script>\n<!-- \/ Yoast SEO plugin. -->","yoast_head_json":{"title":"Contact - Gura Portitei","robots":{"index":"index","follow":"follow","max-snippet":"max-snippet:-1","max-image-preview":"max-image-preview:large","max-video-preview":"max-video-preview:-1"},"canonical":"https:\/\/guraportitei.ro\/en\/contact\/","og_locale":"en_US","og_type":"article","og_title":"Contact - Gura Portitei","og_description":"CONTACT Urm\u0103torul t\u0103u sejur la un contact distan\u021b\u0103 Fie c\u0103 e vorba de o escapad\u0103 \u00een doi, un eveniment restr\u00e2ns [&hellip;]","og_url":"https:\/\/guraportitei.ro\/en\/contact\/","og_site_name":"Gura Portitei","article_modified_time":"2026-03-17T09:48:19+00:00","twitter_card":"summary_large_image","twitter_misc":{"Est. reading time":"1 minute"},"schema":{"@context":"https:\/\/schema.org","@graph":[{"@type":"WebPage","@id":"https:\/\/guraportitei.ro\/contact\/","url":"https:\/\/guraportitei.ro\/contact\/","name":"Contact - Gura Portitei","isPartOf":{"@id":"https:\/\/guraportitei.ro\/#website"},"datePublished":"2025-04-30T13:22:31+00:00","dateModified":"2026-03-17T09:48:19+00:00","breadcrumb":{"@id":"https:\/\/guraportitei.ro\/contact\/#breadcrumb"},"inLanguage":"en-US","potentialAction":[{"@type":"ReadAction","target":["https:\/\/guraportitei.ro\/contact\/"]}]},{"@type":"BreadcrumbList","@id":"https:\/\/guraportitei.ro\/contact\/#breadcrumb","itemListElement":[{"@type":"ListItem","position":1,"name":"Home","item":"https:\/\/guraportitei.ro\/"},{"@type":"ListItem","position":2,"name":"Contact"}]},{"@type":"WebSite","@id":"https:\/\/guraportitei.ro\/#website","url":"https:\/\/guraportitei.ro\/","name":"Gura Portitei","description":"","potentialAction":[{"@type":"SearchAction","target":{"@type":"EntryPoint","urlTemplate":"https:\/\/guraportitei.ro\/?s={search_term_string}"},"query-input":{"@type":"PropertyValueSpecification","valueRequired":true,"valueName":"search_term_string"}}],"inLanguage":"en-US"}]}},"_links":{"self":[{"href":"https:\/\/guraportitei.ro\/en\/wp-json\/wp\/v2\/pages\/259","targetHints":{"allow":["GET"]}}],"collection":[{"href":"https:\/\/guraportitei.ro\/en\/wp-json\/wp\/v2\/pages"}],"about":[{"href":"https:\/\/guraportitei.ro\/en\/wp-json\/wp\/v2\/types\/page"}],"author":[{"embeddable":true,"href":"https:\/\/guraportitei.ro\/en\/wp-json\/wp\/v2\/users\/1"}],"replies":[{"embeddable":true,"href":"https:\/\/guraportitei.ro\/en\/wp-json\/wp\/v2\/comments?post=259"}],"version-history":[{"count":21,"href":"https:\/\/guraportitei.ro\/en\/wp-json\/wp\/v2\/pages\/259\/revisions"}],"predecessor-version":[{"id":2047,"href":"https:\/\/guraportitei.ro\/en\/wp-json\/wp\/v2\/pages\/259\/revisions\/2047"}],"wp:attachment":[{"href":"https:\/\/guraportitei.ro\/en\/wp-json\/wp\/v2\/media?parent=259"}],"curies":[{"name":"wp","href":"https:\/\/api.w.org\/{rel}","templated":true}]}}