{"id":776,"date":"2025-05-08T09:47:14","date_gmt":"2025-05-08T09:47:14","guid":{"rendered":"https:\/\/guraportitei.ro\/?page_id=776"},"modified":"2025-07-11T06:48:31","modified_gmt":"2025-07-11T06:48:31","slug":"politica-cookies","status":"publish","type":"page","link":"https:\/\/guraportitei.ro\/en\/politica-cookies\/","title":{"rendered":"Cookies policy"},"content":{"rendered":"<div class=\"brz-root__container brz-reset-all brz brz-root__container-page\">\n<section id=\"4639e9146e3e16a7655e_tjilnFYxP1IZ\" class=\"brz-section brz-css-10cia87 brz-css-d0vr9g\">\n<div class=\"brz-section__content brz-section--fullWidth brz-css-12cj89b brz-css-1ytesb7\" data-brz-custom-id=\"fPrnZHhI8tCZ\">\n<div class=\"brz-bg\">\n<div class=\"brz-bg-image\"><\/div>\n<div class=\"brz-bg-color\"><\/div>\n<\/div>\n<div class=\"brz-container brz-css-jd0ulu brz-css-1i2n96a\">\n<div class=\"brz-row__container brz-css-1pt2zsl brz-css-1ewhnny\" data-brz-custom-id=\"shXquOOvQrvd\">\n<div class=\"brz-row brz-css-w93oyh brz-css-1c0pcs8\">\n<div class=\"brz-columns brz-css-eimitm brz-css-1o27n48\" data-brz-custom-id=\"z54Gxovo2eWe\">\n<div class=\"brz-column__items brz-css-axr8cj brz-css-10d8aqt\">\n<div id=\"\" class=\"brz-css-10aztp7 brz-css-12950p9 brz-wrapper\">\n<div class=\"brz-rich-text brz-rich-text__custom brz-css-1u8o5s1 brz-css-mybsju\" data-brz-custom-id=\"mmmm1UN90Dpe\">\n<div data-brz-translate-text=\"1\">\n<h1 class=\"brz-tp-lg-heading1 brz-text-lg-center brz-ff-playfair_display brz-ft-google brz-fs-lg-108 brz-fss-lg-px brz-fw-lg-700 brz-ls-lg-m_1_5 brz-lh-lg-1_3 brz-vfw-lg-400 brz-fwdth-lg-100 brz-fsft-lg-0 brz-css-xW6mX\" data-generated-css=\"brz-css-oYL1m\" data-uniq-id=\"phPF8\"><span style=\"color: rgba(var(--brz-global-color3),1);\" class=\"brz-cp-color3\">Politica <\/span><em class=\"brz-cp-color3\" style=\"color: rgba(var(--brz-global-color3),1);\">Cookies<\/em><\/h1>\n<\/div>\n<\/div>\n<\/div>\n<\/div>\n<\/div>\n<\/div>\n<\/div>\n<\/div>\n<\/div>\n<\/section>\n<section id=\"bebc8b83e43c42300240_xH0GBz9sdHU4\" class=\"brz-section brz-css-10cia87 brz-css-1ahrvbl\">\n<div class=\"brz-section__content brz-section--boxed brz-css-12cj89b brz-css-1h8nzgi\" data-brz-custom-id=\"qoAdKguTEAYq\">\n<div class=\"brz-bg\">\n<div class=\"brz-bg-color\"><\/div>\n<\/div>\n<div class=\"brz-container brz-css-jd0ulu brz-css-s89f1q\">\n<div id=\"\" class=\"brz-css-10aztp7 brz-css-1cxb9hu brz-wrapper\">\n<div class=\"brz-rich-text brz-rich-text__custom brz-css-1u8o5s1 brz-css-1uf14xd\" data-brz-custom-id=\"oxR37H8OMMEH\">\n<div data-brz-translate-text=\"1\">\n<p class=\"brz-tp-lg-paragraph brz-css-hwxjH\" data-generated-css=\"brz-css-iFiQD\" data-uniq-id=\"yfmms\"><span style=\"color: rgba(var(--brz-global-color1),1);\" class=\"brz-cp-color1\">SC Sat de Vacan\u021b\u0103 Gura Portitei SRL, persoan\u0103 juridic\u0103 rom\u00e2n\u0103 cu sediul \u00een Jurilovca, Satul de vacan\u021b\u0103 Gura Portitei, garsonier\u0103, camera 1, jude\u021bul Tulcea, \u00eenregistrat\u0103 la Registrul Comer\u021bului cu num\u0103rul J36 \/ 160\/2012, CUI RO30004012 aplic\u0103 urm\u0103torea politica cookie:<\/span><\/p>\n<p class=\"brz-tp-lg-paragraph brz-css-dRj_u\" data-generated-css=\"brz-css-vZDXF\" data-uniq-id=\"gknKU\"><\/p>\n<p class=\"brz-tp-lg-paragraph brz-css-vYSu3\" data-generated-css=\"brz-css-zsDAy\" data-uniq-id=\"xLCxZ\"><strong class=\"brz-cp-color1\" style=\"color: rgba(var(--brz-global-color1),1);\">Ce sunt fisierele cookie?<\/strong><\/p>\n<p class=\"brz-tp-lg-paragraph brz-css-cgCCe\" data-generated-css=\"brz-css-dd4Ga\" data-uniq-id=\"uyXRG\"><span style=\"color: rgba(var(--brz-global-color1),1);\" class=\"brz-cp-color1\">Cookie-urile sunt ni\u0219te fi\u0219iere generate automat, care sunt fie salvate p\u00e2n\u0103 c\u00e2nd ie\u0219i\u021bi din site, fie salvate automat pe dispozitivul dvs., fie computer, telefon sau tablet\u0103. Aceste fi\u0219iere v\u0103 ajut\u0103 s\u0103 v\u0103 aminti\u021bi preferin\u021bele \u0219i datele de \u00eenregistrare, s\u0103 v\u0103 urm\u0103ri\u021bi navigarea, s\u0103 p\u0103stra\u021bi preferin\u021bele de limb\u0103, s\u0103 interac\u021biona\u021bi cu site-ul nostru, s\u0103 ad\u0103uga\u021bi produse \u00een co\u0219, s\u0103 m\u0103sura\u021bi performan\u021ba site-ului dvs. \u0219i s\u0103 identifica\u021bi direc\u021biile de \u00eembun\u0103t\u0103\u021bire prin utilizarea unor instrumente precum Google Analize, pluginuri pentru re\u021belele sociale, pluginuri pentru chat \u0219i multe altele.<\/span><\/p>\n<p class=\"brz-tp-lg-paragraph brz-css-snGcS\" data-generated-css=\"brz-css-j28mF\" data-uniq-id=\"eaNRo\"><\/p>\n<p class=\"brz-tp-lg-paragraph brz-css-xqZQ5\" data-generated-css=\"brz-css-q64hf\" data-uniq-id=\"pV5d2\"><strong class=\"brz-cp-color1\" style=\"color: rgba(var(--brz-global-color1),1);\">Retragerea consimtamantului<\/strong><\/p>\n<p class=\"brz-tp-lg-paragraph brz-css-uuvHr\" data-generated-css=\"brz-css-hwI0A\" data-uniq-id=\"ayyeH\"><span style=\"color: rgba(var(--brz-global-color1),1);\" class=\"brz-cp-color1\">Pute\u021bi oric\u00e2nd s\u0103 v\u0103 retrage\u021bi consim\u021b\u0103m\u00e2ntul pentru utilizarea cookie-urilor, fie prin blocarea acestor fi\u0219iere din set\u0103rile browserului, fie prin utilizarea unui software dedicat acestui scop. Pentru a dezactiva cookie-urile, \u00een func\u021bie de browserul utilizat, g\u0103si\u021bi informa\u021biile necesare pe linkurile de mai jos:<\/span><\/p>\n<p class=\"brz-tp-lg-paragraph brz-css-s0cBJ\" data-generated-css=\"brz-css-f1a_l\" data-uniq-id=\"iZcE6\"><\/p>\n<p class=\"brz-tp-lg-paragraph brz-css-l4UrT\" data-generated-css=\"brz-css-uBlCJ\" data-uniq-id=\"mgd2x\">\n<p class=\"brz-tp-lg-paragraph brz-css-qSgM0\" data-generated-css=\"brz-css-hzqRX\" data-uniq-id=\"yGO8s\"><a class=\"brz-cp-color1 link--external\" style=\"color: rgba(var(--brz-global-color1),1);\" href=\"https:\/\/support.google.com\/chrome\/answer\/95647?hl=en&amp;hlrm=en\" data-brz-link-type=\"external\" target=\"_blank\">Google Chrome<\/a><\/p>\n<p class=\"brz-tp-lg-paragraph brz-css-xVhTP\" data-generated-css=\"brz-css-g7Q9f\" data-uniq-id=\"y3L4z\"><a class=\"brz-cp-color1 link--external\" style=\"color: rgba(var(--brz-global-color1),1);\" href=\"https:\/\/support.mozilla.org\/en-US\/kb\/enable-and-disable-cookies-website-preferences\" data-brz-link-type=\"external\" target=\"_blank\">Mozila Firefox<\/a><\/p>\n<p class=\"brz-tp-lg-paragraph brz-css-sFDHh\" data-generated-css=\"brz-css-iaK6k\" data-uniq-id=\"rtSHI\"><a class=\"brz-cp-color1 link--external\" style=\"color: rgba(var(--brz-global-color1),1);\" href=\"https:\/\/support.apple.com\/guide\/safari\/manage-cookies-and-website-data-sfri11471\/mac\" data-brz-link-type=\"external\" target=\"_blank\">Safari<\/a><\/p>\n<p class=\"brz-tp-lg-paragraph brz-css-bMb5u\" data-generated-css=\"brz-css-dKO_M\" data-uniq-id=\"eSf8v\"><a class=\"brz-cp-color1 link--external\" style=\"color: rgba(var(--brz-global-color1),1);\" href=\"https:\/\/privacy.microsoft.com\/en-us\/windows-10-microsoft-edge-and-privacy\" data-brz-link-type=\"external\" target=\"_blank\">Edge<\/a><\/p>\n<p class=\"brz-tp-lg-paragraph brz-css-rxTWc\" data-generated-css=\"brz-css-gjUP2\" data-uniq-id=\"islpp\"><a class=\"brz-cp-color1 link--external\" style=\"color: rgba(var(--brz-global-color1),1);\" href=\"https:\/\/www.opera.com\/help\/tutorials\/security\/privacy\/\" data-brz-link-type=\"external\" target=\"_blank\">Opera<\/a><\/p>\n<p class=\"brz-tp-lg-paragraph brz-css-aHDNS\" data-generated-css=\"brz-css-x_X9L\" data-uniq-id=\"mFjbG\"><span class=\"brz-cp-color1\" style=\"color: rgba(var(--brz-global-color1),1);\"> <\/span><\/p>\n<p class=\"brz-tp-lg-paragraph brz-css-zgZ9V\" data-generated-css=\"brz-css-xyR2x\" data-uniq-id=\"fid0C\"><strong class=\"brz-cp-color1\" style=\"color: rgba(var(--brz-global-color1),1);\">Tipuri de cookies folosite<\/strong><\/p>\n<p class=\"brz-tp-lg-paragraph brz-css-t99nG\" data-generated-css=\"brz-css-iz5py\" data-uniq-id=\"pE094\"><span style=\"color: rgba(var(--brz-global-color1),1);\" class=\"brz-cp-color1\">Site-ul nostru folose\u0219te sau poate utiliza mai multe tipuri de cookie-uri:<\/span><\/p>\n<p class=\"brz-tp-lg-paragraph brz-css-y_FGD\" data-generated-css=\"brz-css-lJne_\" data-uniq-id=\"nD2kG\"><\/p>\n<p class=\"brz-tp-lg-paragraph brz-css-dk8vu\" data-generated-css=\"brz-css-zTNiG\" data-uniq-id=\"v27Jp\"><span style=\"color: rgba(var(--brz-global-color1),1);\" class=\"brz-cp-color1\">1. Fi\u0219ierele absolut necesare, imperative pentru buna func\u021bionare a site-ului<\/span><\/p>\n<p class=\"brz-tp-lg-paragraph brz-css-cGbAT\" data-generated-css=\"brz-css-kS0VH\" data-uniq-id=\"sAhiM\"><span style=\"color: rgba(var(--brz-global-color1),1);\" class=\"brz-cp-color1\">2. Fi\u0219iere importante de func\u021bionalitate care v\u0103 vor recunoa\u0219te \u0219i p\u0103stra op\u021biunile \u0219i preferin\u021bele atunci c\u00e2nd v\u0103 \u00eentoarce\u021bi pe site-ul nostru<\/span><\/p>\n<p class=\"brz-tp-lg-paragraph brz-css-wvXKd\" data-generated-css=\"brz-css-uEIGK\" data-uniq-id=\"fPBam\"><span style=\"color: rgba(var(--brz-global-color1),1);\" class=\"brz-cp-color1\">3. Fi\u0219iere analitice \u0219i de performan\u021b\u0103 care ne permit s\u0103 monitoriz\u0103m valorile traficului \u0219i comportamentul vizitatorilor no\u0219tri, ajut\u00e2ndu-ne s\u0103 \u00eembun\u0103t\u0103\u021bim modul \u00een care interac\u021biona\u021bi cu site-ul nostru.<\/span><\/p>\n<p class=\"brz-tp-lg-paragraph brz-css-g5hRL\" data-generated-css=\"brz-css-gf8eo\" data-uniq-id=\"vHscH\"><span style=\"color: rgba(var(--brz-global-color1),1);\" class=\"brz-cp-color1\">4. Fisiere de marketing \u0219i fi\u0219iere de direc\u021bionare care \u00eenregistreaz\u0103 vizita dvs. \u0219i ne permit s\u0103 v\u0103 afi\u0219\u0103m reclame relevante pentru interesele \u0219i preferin\u021bele dvs.<\/span><\/p>\n<p class=\"brz-tp-lg-paragraph brz-css-crCjz\" data-generated-css=\"brz-css-kQHVR\" data-uniq-id=\"zWLiW\"><span style=\"color: rgba(var(--brz-global-color1),1);\" class=\"brz-cp-color1\">5. Fi\u0219iere cookies ale re\u021belelor sociale care v\u0103 vor ajuta s\u0103 partaja\u021bi informatii pe re\u021belele sociale<\/span><\/p>\n<p class=\"brz-tp-lg-paragraph brz-css-xxMCB\" data-generated-css=\"brz-css-tOD7N\" data-uniq-id=\"hGZq7\"><span style=\"color: rgba(var(--brz-global-color1),1);\" class=\"brz-cp-color1\">6. Alte tipuri de cookie-uri care pot fi utilizate ulterior \u0219i provin din aplica\u021bii de la ter\u021bi<\/span><\/p>\n<p class=\"brz-tp-lg-paragraph brz-css-dQdkF\" data-generated-css=\"brz-css-sZe7b\" data-uniq-id=\"ib3t5\"><\/p>\n<p class=\"brz-tp-lg-paragraph brz-css-m8Rrl\" data-generated-css=\"brz-css-bDypW\" data-uniq-id=\"xhGWL\"><strong class=\"brz-cp-color1\" style=\"color: rgba(var(--brz-global-color1),1);\">Linkuri utile<\/strong><\/p>\n<p class=\"brz-tp-lg-paragraph brz-css-awsrz\" data-generated-css=\"brz-css-jbCGf\" data-uniq-id=\"g32Lf\"><strong class=\"brz-cp-color1\" style=\"color: rgba(var(--brz-global-color1),1);\"> <\/strong><\/p>\n<p class=\"brz-tp-lg-paragraph brz-css-nT9fb\" data-generated-css=\"brz-css-pwfyI\" data-uniq-id=\"gmjYu\"><a class=\"brz-cp-color1 link--external\" style=\"color: rgba(var(--brz-global-color1),1);\" href=\"https:\/\/policies.google.com\/technologies\/cookies\" data-brz-link-type=\"external\" target=\"_blank\">Google<\/a><\/p>\n<p class=\"brz-tp-lg-paragraph brz-css-cPBIL\" data-generated-css=\"brz-css-ogbU7\" data-uniq-id=\"hmXgX\"><a class=\"brz-cp-color1 link--external\" style=\"color: rgba(var(--brz-global-color1),1);\" href=\"https:\/\/www.facebook.com\/policies\/cookies\/\" data-brz-link-type=\"external\" target=\"_blank\">Facebook<\/a><\/p>\n<p class=\"brz-tp-lg-paragraph brz-css-i3PKu\" data-generated-css=\"brz-css-uRlTT\" data-uniq-id=\"wnKTR\"><a class=\"brz-cp-color1 link--external\" style=\"color: rgba(var(--brz-global-color1),1);\" href=\"https:\/\/www.hotjar.com\/legal\/policies\/cookie-information\" data-brz-link-type=\"external\" target=\"_blank\">Hotjar<\/a><\/p>\n<p class=\"brz-tp-lg-paragraph brz-css-cTLKK\" data-generated-css=\"brz-css-oit9n\" data-uniq-id=\"o8hzy\"><span class=\"brz-cp-color1\" style=\"color: rgba(var(--brz-global-color1),1);\"> <\/span><\/p>\n<p class=\"brz-tp-lg-paragraph brz-css-pLPox\" data-generated-css=\"brz-css-zX3cQ\" data-uniq-id=\"rspfi\"><strong class=\"brz-cp-color1\" style=\"color: rgba(var(--brz-global-color1),1);\">Contact<\/strong><\/p>\n<p class=\"brz-tp-lg-paragraph brz-css-xuHPx\" data-generated-css=\"brz-css-yxS9r\" data-uniq-id=\"dprmG\"><span style=\"color: rgba(var(--brz-global-color1),1);\" class=\"brz-cp-color1\">Ne pute\u021bi contacta folosind datele de contact din sec\u021biunea dedicat\u0103 a site-ului sau la:contact@guraportitei.ro<\/span><\/p>\n<\/div>\n<\/div>\n<\/div>\n<\/div>\n<\/div>\n<\/section>\n<\/div>\n<p>    <!-- version:1752216511 --><\/p>","protected":false},"excerpt":{"rendered":"<p>Politica Cookies SC Sat de Vacan\u021b\u0103 Gura Portitei SRL, persoan\u0103 juridic\u0103 rom\u00e2n\u0103 cu sediul \u00een Jurilovca, Satul de vacan\u021b\u0103 Gura [&hellip;]<\/p>","protected":false},"author":1,"featured_media":0,"parent":0,"menu_order":0,"comment_status":"closed","ping_status":"closed","template":"brizy-blank-template.php","meta":{"site-sidebar-layout":"default","site-content-layout":"","ast-site-content-layout":"default","site-content-style":"default","site-sidebar-style":"default","ast-global-header-display":"","ast-banner-title-visibility":"","ast-main-header-display":"","ast-hfb-above-header-display":"","ast-hfb-below-header-display":"","ast-hfb-mobile-header-display":"","site-post-title":"","ast-breadcrumbs-content":"","ast-featured-img":"","footer-sml-layout":"","theme-transparent-header-meta":"default","adv-header-id-meta":"","stick-header-meta":"","header-above-stick-meta":"","header-main-stick-meta":"","header-below-stick-meta":"","astra-migrate-meta-layouts":"set","ast-page-background-enabled":"default","ast-page-background-meta":{"desktop":{"background-color":"var(--ast-global-color-5)","background-image":"","background-repeat":"repeat","background-position":"center center","background-size":"auto","background-attachment":"scroll","background-type":"","background-media":"","overlay-type":"","overlay-color":"","overlay-opacity":"","overlay-gradient":""},"tablet":{"background-color":"","background-image":"","background-repeat":"repeat","background-position":"center center","background-size":"auto","background-attachment":"scroll","background-type":"","background-media":"","overlay-type":"","overlay-color":"","overlay-opacity":"","overlay-gradient":""},"mobile":{"background-color":"","background-image":"","background-repeat":"repeat","background-position":"center center","background-size":"auto","background-attachment":"scroll","background-type":"","background-media":"","overlay-type":"","overlay-color":"","overlay-opacity":"","overlay-gradient":""}},"ast-content-background-meta":{"desktop":{"background-color":"var(--ast-global-color-4)","background-image":"","background-repeat":"repeat","background-position":"center center","background-size":"auto","background-attachment":"scroll","background-type":"","background-media":"","overlay-type":"","overlay-color":"","overlay-opacity":"","overlay-gradient":""},"tablet":{"background-color":"var(--ast-global-color-4)","background-image":"","background-repeat":"repeat","background-position":"center center","background-size":"auto","background-attachment":"scroll","background-type":"","background-media":"","overlay-type":"","overlay-color":"","overlay-opacity":"","overlay-gradient":""},"mobile":{"background-color":"var(--ast-global-color-4)","background-image":"","background-repeat":"repeat","background-position":"center center","background-size":"auto","background-attachment":"scroll","background-type":"","background-media":"","overlay-type":"","overlay-color":"","overlay-opacity":"","overlay-gradient":""}},"footnotes":""},"class_list":["post-776","page","type-page","status-publish","hentry"],"yoast_head":"<!-- This site is optimized with the Yoast SEO plugin v25.4 - https:\/\/yoast.com\/wordpress\/plugins\/seo\/ -->\n<title>Politica cookies - Gura Portitei<\/title>\n<meta name=\"robots\" content=\"index, follow, max-snippet:-1, max-image-preview:large, max-video-preview:-1\" \/>\n<link rel=\"canonical\" href=\"https:\/\/guraportitei.ro\/en\/politica-cookies\/\" \/>\n<meta property=\"og:locale\" content=\"en_US\" \/>\n<meta property=\"og:type\" content=\"article\" \/>\n<meta property=\"og:title\" content=\"Politica cookies - Gura Portitei\" \/>\n<meta property=\"og:description\" content=\"Politica Cookies SC Sat de Vacan\u021b\u0103 Gura Portitei SRL, persoan\u0103 juridic\u0103 rom\u00e2n\u0103 cu sediul \u00een Jurilovca, Satul de vacan\u021b\u0103 Gura [&hellip;]\" \/>\n<meta property=\"og:url\" content=\"https:\/\/guraportitei.ro\/en\/politica-cookies\/\" \/>\n<meta property=\"og:site_name\" content=\"Gura Portitei\" \/>\n<meta property=\"article:modified_time\" content=\"2025-07-11T06:48:31+00:00\" \/>\n<meta name=\"twitter:card\" content=\"summary_large_image\" \/>\n<meta name=\"twitter:label1\" content=\"Est. reading time\" \/>\n\t<meta name=\"twitter:data1\" content=\"2 minutes\" \/>\n<script type=\"application\/ld+json\" class=\"yoast-schema-graph\">{\"@context\":\"https:\/\/schema.org\",\"@graph\":[{\"@type\":\"WebPage\",\"@id\":\"https:\/\/guraportitei.ro\/politica-cookies\/\",\"url\":\"https:\/\/guraportitei.ro\/politica-cookies\/\",\"name\":\"Politica cookies - Gura Portitei\",\"isPartOf\":{\"@id\":\"https:\/\/guraportitei.ro\/#website\"},\"datePublished\":\"2025-05-08T09:47:14+00:00\",\"dateModified\":\"2025-07-11T06:48:31+00:00\",\"breadcrumb\":{\"@id\":\"https:\/\/guraportitei.ro\/politica-cookies\/#breadcrumb\"},\"inLanguage\":\"en-US\",\"potentialAction\":[{\"@type\":\"ReadAction\",\"target\":[\"https:\/\/guraportitei.ro\/politica-cookies\/\"]}]},{\"@type\":\"BreadcrumbList\",\"@id\":\"https:\/\/guraportitei.ro\/politica-cookies\/#breadcrumb\",\"itemListElement\":[{\"@type\":\"ListItem\",\"position\":1,\"name\":\"Home\",\"item\":\"https:\/\/guraportitei.ro\/\"},{\"@type\":\"ListItem\",\"position\":2,\"name\":\"Politica cookies\"}]},{\"@type\":\"WebSite\",\"@id\":\"https:\/\/guraportitei.ro\/#website\",\"url\":\"https:\/\/guraportitei.ro\/\",\"name\":\"Gura Portitei\",\"description\":\"\",\"potentialAction\":[{\"@type\":\"SearchAction\",\"target\":{\"@type\":\"EntryPoint\",\"urlTemplate\":\"https:\/\/guraportitei.ro\/?s={search_term_string}\"},\"query-input\":{\"@type\":\"PropertyValueSpecification\",\"valueRequired\":true,\"valueName\":\"search_term_string\"}}],\"inLanguage\":\"en-US\"}]}<\/script>\n<!-- \/ Yoast SEO plugin. -->","yoast_head_json":{"title":"Politica cookies - Gura Portitei","robots":{"index":"index","follow":"follow","max-snippet":"max-snippet:-1","max-image-preview":"max-image-preview:large","max-video-preview":"max-video-preview:-1"},"canonical":"https:\/\/guraportitei.ro\/en\/politica-cookies\/","og_locale":"en_US","og_type":"article","og_title":"Politica cookies - Gura Portitei","og_description":"Politica Cookies SC Sat de Vacan\u021b\u0103 Gura Portitei SRL, persoan\u0103 juridic\u0103 rom\u00e2n\u0103 cu sediul \u00een Jurilovca, Satul de vacan\u021b\u0103 Gura [&hellip;]","og_url":"https:\/\/guraportitei.ro\/en\/politica-cookies\/","og_site_name":"Gura Portitei","article_modified_time":"2025-07-11T06:48:31+00:00","twitter_card":"summary_large_image","twitter_misc":{"Est. reading time":"2 minutes"},"schema":{"@context":"https:\/\/schema.org","@graph":[{"@type":"WebPage","@id":"https:\/\/guraportitei.ro\/politica-cookies\/","url":"https:\/\/guraportitei.ro\/politica-cookies\/","name":"Politica cookies - Gura Portitei","isPartOf":{"@id":"https:\/\/guraportitei.ro\/#website"},"datePublished":"2025-05-08T09:47:14+00:00","dateModified":"2025-07-11T06:48:31+00:00","breadcrumb":{"@id":"https:\/\/guraportitei.ro\/politica-cookies\/#breadcrumb"},"inLanguage":"en-US","potentialAction":[{"@type":"ReadAction","target":["https:\/\/guraportitei.ro\/politica-cookies\/"]}]},{"@type":"BreadcrumbList","@id":"https:\/\/guraportitei.ro\/politica-cookies\/#breadcrumb","itemListElement":[{"@type":"ListItem","position":1,"name":"Home","item":"https:\/\/guraportitei.ro\/"},{"@type":"ListItem","position":2,"name":"Politica cookies"}]},{"@type":"WebSite","@id":"https:\/\/guraportitei.ro\/#website","url":"https:\/\/guraportitei.ro\/","name":"Gura Portitei","description":"","potentialAction":[{"@type":"SearchAction","target":{"@type":"EntryPoint","urlTemplate":"https:\/\/guraportitei.ro\/?s={search_term_string}"},"query-input":{"@type":"PropertyValueSpecification","valueRequired":true,"valueName":"search_term_string"}}],"inLanguage":"en-US"}]}},"_links":{"self":[{"href":"https:\/\/guraportitei.ro\/en\/wp-json\/wp\/v2\/pages\/776","targetHints":{"allow":["GET"]}}],"collection":[{"href":"https:\/\/guraportitei.ro\/en\/wp-json\/wp\/v2\/pages"}],"about":[{"href":"https:\/\/guraportitei.ro\/en\/wp-json\/wp\/v2\/types\/page"}],"author":[{"embeddable":true,"href":"https:\/\/guraportitei.ro\/en\/wp-json\/wp\/v2\/users\/1"}],"replies":[{"embeddable":true,"href":"https:\/\/guraportitei.ro\/en\/wp-json\/wp\/v2\/comments?post=776"}],"version-history":[{"count":7,"href":"https:\/\/guraportitei.ro\/en\/wp-json\/wp\/v2\/pages\/776\/revisions"}],"predecessor-version":[{"id":1348,"href":"https:\/\/guraportitei.ro\/en\/wp-json\/wp\/v2\/pages\/776\/revisions\/1348"}],"wp:attachment":[{"href":"https:\/\/guraportitei.ro\/en\/wp-json\/wp\/v2\/media?parent=776"}],"curies":[{"name":"wp","href":"https:\/\/api.w.org\/{rel}","templated":true}]}}